{"id":82,"date":"2025-05-13T09:19:03","date_gmt":"2025-05-13T06:19:03","guid":{"rendered":"https:\/\/edikalaser.ee\/?post_type=product&#038;p=82"},"modified":"2025-11-21T12:17:48","modified_gmt":"2025-11-21T10:17:48","slug":"vaeloom-janes","status":"publish","type":"product","link":"https:\/\/edikalaser.ee\/ru\/vaeloom-janes\/","title":{"rendered":"Helkiv ehe &#171;V\u00e4eloom J\u00e4nes&#187;"},"content":{"rendered":"<h3 data-start=\"96\" data-end=\"165\"><strong data-start=\"103\" data-end=\"165\">J\u00e4nes \u2013 tundlikkuse, viljakuse, romantika ja \u00f5nne v\u00e4eloom<\/strong><\/h3>\n<p data-start=\"167\" data-end=\"474\"><strong data-start=\"167\" data-end=\"176\">J\u00e4nes<\/strong> on looduse peen h\u00e4\u00e4lestaja \u2013 alati t\u00e4helepanelik, kiire ja intuitiivne. Ta kehastab <strong data-start=\"261\" data-end=\"276\">tundlikkust<\/strong>, <strong data-start=\"278\" data-end=\"291\">viljakust<\/strong>, <strong data-start=\"293\" data-end=\"321\">kiiret reageerimisv\u00f5imet<\/strong> ja ka <strong data-start=\"328\" data-end=\"348\">sisemist vaprust<\/strong>. J\u00e4nese v\u00e4gi seisneb oskuses olla \u00fclimalt tundlik oma \u00fcmbrusele, kuid samal ajal usaldada elu voogu ja liikuda julgelt edasi.<\/p>\n<p data-start=\"476\" data-end=\"700\">J\u00e4nes kutsub sind m\u00e4rkama elu peeneid m\u00e4rke, hindama vaikust ja leebust. Ta \u00f5petab, et <strong data-start=\"563\" data-end=\"609\">t\u00f5eline julgus ei ole l\u00e4rmakas ega j\u00f5uline<\/strong>, vaid peitub valmisolekus kohaneda, uskuda ja tegutseda s\u00fcdame j\u00e4rgi \u2013 isegi hirmu hetkel.<\/p>\n<p data-start=\"702\" data-end=\"970\">Mitmetes kultuurides on j\u00e4nes seotud <strong data-start=\"739\" data-end=\"755\">kuuenergiaga<\/strong>, <strong data-start=\"757\" data-end=\"773\">naiselikkuse<\/strong>, <strong>romantilisuse ja <\/strong><strong data-start=\"775\" data-end=\"788\">viljakuse<\/strong> mboolikaga. Hiina kalendris on ta <strong>\u00f5nne<\/strong>, <strong data-start=\"842\" data-end=\"869\">\u00f5rnuse ja tarkuse aasta<\/strong> esindaja. Keldi ja p\u00f5lisameerika traditsioonides aga maagilise intuitsiooni ja kiire muutuse s\u00fcmbol.<\/p>\n<h3 data-start=\"977\" data-end=\"1012\">\ud83c\udf3f <strong data-start=\"984\" data-end=\"1012\">J\u00e4nese v\u00e4elooma s\u00f5numid:<\/strong><\/h3>\n<p data-start=\"1014\" data-end=\"1124\"><strong data-start=\"1014\" data-end=\"1041\">Tundlikkus kui tugevus:<\/strong> \u00c4ra varja oma tundlikkust \u2013 see on sinu kingitus, mis aitab sul tajuda n\u00e4htamatut.<\/p>\n<p data-start=\"1126\" data-end=\"1221\"><strong data-start=\"1126\" data-end=\"1156\">Intuitsioon ja valmisolek:<\/strong> \u00d5pi usaldama oma esimest sisetunnet ja liigu vajadusel kiiresti.<\/p>\n<p data-start=\"1223\" data-end=\"1326\"><strong data-start=\"1223\" data-end=\"1246\">Viljakus ja loovus:<\/strong> J\u00e4nes toob uusi ideid, viljakust projektidesse ja voolavat ning loovat energiat.<\/p>\n<p data-start=\"1328\" data-end=\"1423\"><strong data-start=\"1328\" data-end=\"1348\">Julgus pehmuses:<\/strong> Sa ei pea olema vali, et olla tugev. Leebus ja rahu on sinu sisemine v\u00e4gi.<\/p>\n<p data-start=\"1328\" data-end=\"1423\">\n<hr data-start=\"972\" data-end=\"975\" \/>\n<h3><strong>Edika Laseri pimedas helkiv v\u00e4eloom \u2013 valgus, mis juhatab sind looduse poole<\/strong><\/h3>\n<p data-start=\"579\" data-end=\"778\">Meie elu kulgeb linnatulede, ekraanide, betooni ja pideva m\u00fcra keskel. Meil on alati tohutult kiire, k\u00f5ik tundub nii t\u00e4htis&#8230; aga just k\u00f5ige olulisemaks \u2013 ei j\u00e4\u00e4 enam aega.<\/p>\n<p data-start=\"780\" data-end=\"1074\">S\u00fcgaval sisimas igatseme k\u00f5ik vaikust, rahu ja sidet loodusega. Ma usun, et tuleb vaid peatuda. Peatuda ja kuulata \u2013 kuulata iseennast. Tuletada meelde, et me oleme osa loodusest. Alati olime ning alati j\u00e4\u00e4me.<br data-start=\"977\" data-end=\"980\" \/>See side ei kao kuhugi \u2013 isegi siis, kui meid \u00fcmbritseb linn ning isegi siis, kui oleme selle unustanud.<\/p>\n<p data-start=\"1076\" data-end=\"1369\"><strong data-start=\"1076\" data-end=\"1112\">Edika Laseri v\u00e4elooma helkiv ehe<\/strong> ei ole lihtsalt helkur ega n\u00e4htavust lisav aksessuaar. See on <strong data-start=\"1175\" data-end=\"1185\">s\u00fcmbol<\/strong>, sinu <strong data-start=\"1192\" data-end=\"1205\">hingeloom<\/strong>, sinu <strong data-start=\"1212\" data-end=\"1234\">sisemine juhendaja<\/strong> ja vaikne <strong data-start=\"1245\" data-end=\"1254\">s\u00f5ber<\/strong>, kes tuletab meelde looduse v\u00e4ge. Ta aitab sul leida tasakaalu, sisemist tugevust ja hingerahu \u2013 isegi keset linnamelu.<\/p>\n<p data-start=\"1371\" data-end=\"1496\">See ehe on meeldetuletus, et loodus on alati avatud ning sinu jaoks olemas &#8212; n\u00fc\u00fcd on sinu kord avada ennast!<\/p>\n<h3 data-start=\"1503\" data-end=\"1543\"><strong data-start=\"1507\" data-end=\"1543\">Tugev ja n\u00e4htav<br \/>\n<\/strong><\/h3>\n<p data-start=\"1545\" data-end=\"1734\"><strong data-start=\"1545\" data-end=\"1572\">Edika Laseri helkiv ehe<\/strong> on valmistatud <strong data-start=\"1588\" data-end=\"1620\">vastupidavast pleksiklaasist<\/strong> ja kaetud <strong>ilmastikukindla, EU standarditele vastava helkurmaterjaliga<\/strong>.<br \/>\nKomplektis on:<\/p>\n<ul>\n<li data-start=\"1737\" data-end=\"1747\">kummipael<\/li>\n<li data-start=\"1750\" data-end=\"1767\">kinnituskarabiin<\/li>\n<li data-start=\"1770\" data-end=\"1801\">v\u00e4elooma l\u00fchikirjeldus<\/li>\n<\/ul>\n<p data-start=\"1803\" data-end=\"1883\">V\u00e4elooma kujuline ehe tagab, et oled alati <strong data-start=\"1832\" data-end=\"1852\">n\u00e4htav ja hoitud<\/strong> \u2013 \u00fcksk\u00f5ik, kuhu elutee sind viib.<\/p>\n<p>\ud83c\udf3f <strong data-start=\"1897\" data-end=\"1929\">Leia oma hingeseos loodusega<\/strong> \ud83c\udf3f<\/p>\n<p><em>Edika laser Disain. Made in Estonia.<\/em><\/p>\n<p>&nbsp;<\/p>\n<p>&nbsp;<\/p>\n","protected":false},"excerpt":{"rendered":"<p><span class=\"OYPEnA font-feature-liga-off font-feature-clig-off font-feature-calt-off text-decoration-none text-strikethrough-none\">Pimedas helkiv loom on loodud teie maagiliseks kaaslaseks. <\/span><span class=\"OYPEnA font-feature-liga-off font-feature-clig-off font-feature-calt-off text-decoration-none text-strikethrough-none\">Hingeloom rajab silla loomariiki ning jagab teiega oma v\u00f5imeid. <\/span><span class=\"OYPEnA font-feature-liga-off font-feature-clig-off font-feature-calt-off text-decoration-none text-strikethrough-none\"> Kaitseb ning saadab igap\u00e4evases elus ja on koosk\u00f5las nii teie enda kui ka teie vajadustega<em>.<\/em><\/span><\/p>\n<h3 data-start=\"96\" data-end=\"165\"><strong data-start=\"103\" data-end=\"165\">J\u00e4nes on tundlikkuse, viljakuse, romantika ja \u00f5nne v\u00e4eloom.<\/strong><\/h3>\n","protected":false},"featured_media":1016,"comment_status":"open","ping_status":"closed","template":"","meta":{"_acf_changed":false},"product_brand":[],"product_cat":[20,19,21],"product_tag":[22,27,24],"class_list":{"0":"post-82","1":"product","2":"type-product","3":"status-publish","4":"has-post-thumbnail","6":"product_cat-helkivad-vaeloomad","7":"product_cat-helkurid","8":"product_cat-koik-tooted","9":"product_tag-helkur","10":"product_tag-janes","11":"product_tag-vaeloomad","13":"first","14":"instock","15":"sale","16":"shipping-taxable","17":"purchasable","18":"product-type-variable"},"acf":[],"_links":{"self":[{"href":"https:\/\/edikalaser.ee\/ru\/wp-json\/wp\/v2\/product\/82","targetHints":{"allow":["GET"]}}],"collection":[{"href":"https:\/\/edikalaser.ee\/ru\/wp-json\/wp\/v2\/product"}],"about":[{"href":"https:\/\/edikalaser.ee\/ru\/wp-json\/wp\/v2\/types\/product"}],"replies":[{"embeddable":true,"href":"https:\/\/edikalaser.ee\/ru\/wp-json\/wp\/v2\/comments?post=82"}],"wp:featuredmedia":[{"embeddable":true,"href":"https:\/\/edikalaser.ee\/ru\/wp-json\/wp\/v2\/media\/1016"}],"wp:attachment":[{"href":"https:\/\/edikalaser.ee\/ru\/wp-json\/wp\/v2\/media?parent=82"}],"wp:term":[{"taxonomy":"product_brand","embeddable":true,"href":"https:\/\/edikalaser.ee\/ru\/wp-json\/wp\/v2\/product_brand?post=82"},{"taxonomy":"product_cat","embeddable":true,"href":"https:\/\/edikalaser.ee\/ru\/wp-json\/wp\/v2\/product_cat?post=82"},{"taxonomy":"product_tag","embeddable":true,"href":"https:\/\/edikalaser.ee\/ru\/wp-json\/wp\/v2\/product_tag?post=82"}],"curies":[{"name":"wp","href":"https:\/\/api.w.org\/{rel}","templated":true}]}}