{"id":79,"date":"2025-05-13T09:19:03","date_gmt":"2025-05-13T06:19:03","guid":{"rendered":"https:\/\/edikalaser.ee\/?post_type=product&#038;p=79"},"modified":"2025-11-21T12:12:28","modified_gmt":"2025-11-21T10:12:28","slug":"vaeloom-karu","status":"publish","type":"product","link":"https:\/\/edikalaser.ee\/ru\/vaeloom-karu\/","title":{"rendered":"Helkiv ehe &#171;V\u00e4eloom Karu&#187;"},"content":{"rendered":"<h3 data-start=\"96\" data-end=\"157\"><strong data-start=\"103\" data-end=\"157\">Karu \u2013 j\u00f5u, enesekindluse ja sisemise rahu v\u00e4eloom<\/strong><\/h3>\n<p data-start=\"159\" data-end=\"413\"><strong data-start=\"159\" data-end=\"167\">\u00a0Karu<\/strong> on metsa vaikne valvur \u2013 s\u00fcmbol, kes kehastab <strong data-start=\"214\" data-end=\"243\">f\u00fc\u00fcsilist ja vaimset v\u00e4ge<\/strong>, <strong data-start=\"245\" data-end=\"262\">enesekindlust<\/strong>, <strong data-start=\"264\" data-end=\"275\">kaitset<\/strong> ja <strong data-start=\"279\" data-end=\"301\">rahulikku kohalolu<\/strong><strong data-start=\"159\" data-end=\"167\">.<\/strong> Karu s\u00fcmboliseerib edu, aitab leida sisemised j\u00f5uvarud. Karu \u00f5petab meid <strong data-start=\"320\" data-end=\"340\">seisma enda eest<\/strong>, <strong data-start=\"342\" data-end=\"364\">puhkama teadlikult<\/strong> ning usaldama <strong data-start=\"379\" data-end=\"412\">oma sisemist r\u00fctmi ja tarkust<\/strong>.<\/p>\n<p data-start=\"415\" data-end=\"682\">Karu ei kiirusta. Ta liigub siis, kui on aeg. Tema v\u00e4gi on \u00fchenduses <strong data-start=\"484\" data-end=\"500\">maaenergiaga<\/strong> \u2013 ta on kindel ja tugev. Karu ilmumine sinu ellu v\u00f5ib t\u00e4hendada, et on aeg <strong data-start=\"587\" data-end=\"625\">taanduda, taastuda ja koguda j\u00f5udu<\/strong>, v\u00f5i hoopis <strong data-start=\"638\" data-end=\"681\">julgelt esile astuda ja oma ruumi v\u00f5tta<\/strong>.<\/p>\n<p data-start=\"684\" data-end=\"913\">Paljudes p\u00f5lisrahvaste kultuurides on karu olnud <strong data-start=\"733\" data-end=\"747\">kaitsevaim<\/strong>, <strong data-start=\"749\" data-end=\"762\">ravitseja<\/strong> ja <strong data-start=\"766\" data-end=\"780\">emalikkuse<\/strong> s\u00fcmbol. Tema unets\u00fcklid viitavad <strong data-start=\"814\" data-end=\"850\">taass\u00fcnni ja taastumise ts\u00fcklile<\/strong>, tuletades meelde, et ka puhkus ja vaikusehetked on osa j\u00f5ust.<\/p>\n<h3 data-start=\"920\" data-end=\"953\">\ud83c\udf3f <strong data-start=\"927\" data-end=\"953\">Karu v\u00e4elooma s\u00f5numid:<\/strong><\/h3>\n<p data-start=\"955\" data-end=\"1051\"><strong data-start=\"955\" data-end=\"973\">Sisemine j\u00f5ud:<\/strong> Karu tuletab meelde, et j\u00f5ud ei tule v\u00e4ljast \u2013 see on alati sinu sees olemas.<\/p>\n<p data-start=\"1053\" data-end=\"1128\"><strong data-start=\"1053\" data-end=\"1074\">Kaitse ja piirid:<\/strong> \u00d5pi kaitsma oma ruumi ja \u00fctlema \u201eei\u201c ilma s\u00fc\u00fctundeta.<\/p>\n<p data-start=\"1130\" data-end=\"1206\"><strong data-start=\"1130\" data-end=\"1147\">Puhkuse v\u00e4gi:<\/strong> Taasta end. Puhkus ja \u00fcksiolek ei ole n\u00f5rkus, vaid tarkus.<\/p>\n<p data-start=\"1208\" data-end=\"1308\"><strong data-start=\"1208\" data-end=\"1235\">Maa\u00fchendus ja kohalolu:<\/strong> Ole t\u00e4ielikult siin ja praegu. Karu v\u00e4gi aitab sul maanduda ja rahuneda.<\/p>\n<hr data-start=\"915\" data-end=\"918\" \/>\n<h3><strong>Edika Laseri pimedas helkiv v\u00e4eloom \u2013 valgus, mis juhatab sind looduse poole<\/strong><\/h3>\n<p data-start=\"579\" data-end=\"778\">Meie elu kulgeb linnatulede, ekraanide, betooni ja pideva m\u00fcra keskel. Meil on alati tohutult kiire, k\u00f5ik tundub nii t\u00e4htis&#8230; aga just k\u00f5ige olulisemaks \u2013 ei j\u00e4\u00e4 enam aega.<\/p>\n<p data-start=\"780\" data-end=\"1074\">S\u00fcgaval sisimas igatseme k\u00f5ik vaikust, rahu ja \u00fchendust loodusega. Ma usun, et tuleb vaid peatuda. Peatuda ja kuulata \u2013 kuulata iseennast. Tuletada meelde, et me oleme osa loodusest. Alati olime ning alati j\u00e4\u00e4me.<br data-start=\"977\" data-end=\"980\" \/>See side ei kao kuhugi \u2013 isegi siis, kui meid \u00fcmbritseb linn ning isegi siis, kui oleme selle unustanud.<\/p>\n<p data-start=\"1076\" data-end=\"1369\"><strong data-start=\"1076\" data-end=\"1112\">Edika Laseri v\u00e4elooma helkiv ehe<\/strong> ei ole lihtsalt helkur ega n\u00e4htavust lisav aksessuaar. See on <strong data-start=\"1175\" data-end=\"1185\">s\u00fcmbol<\/strong>, sinu <strong data-start=\"1192\" data-end=\"1205\">hingeloom<\/strong>, sinu <strong data-start=\"1212\" data-end=\"1234\">sisemine juhendaja<\/strong> ja vaikne <strong data-start=\"1245\" data-end=\"1254\">s\u00f5ber<\/strong>, kes tuletab meelde looduse v\u00e4ge. Ta aitab sul leida tasakaalu, sisemist tugevust ja hingerahu \u2013 isegi keset linnamelu.<\/p>\n<p data-start=\"1371\" data-end=\"1496\">See ehe on meeldetuletus, et loodus on alati avatud ning sinu jaoks olemas &#8212; n\u00fc\u00fcd on sinu kord avada ennast!<\/p>\n<h3 data-start=\"1503\" data-end=\"1543\"><strong data-start=\"1507\" data-end=\"1543\">Tugev ja n\u00e4htav<br \/>\n<\/strong><\/h3>\n<p data-start=\"1545\" data-end=\"1734\"><strong data-start=\"1545\" data-end=\"1572\">Edika Laseri helkiv ehe<\/strong> on valmistatud <strong data-start=\"1588\" data-end=\"1620\">vastupidavast pleksiklaasist<\/strong> ja kaetud <strong>ilmastikukindla, EU standarditele vastava helkurmaterjaliga<\/strong>.<br \/>\nKomplektis on:<\/p>\n<ul>\n<li data-start=\"1737\" data-end=\"1747\">kummipael<\/li>\n<li data-start=\"1750\" data-end=\"1767\">kinnituskarabiin<\/li>\n<li data-start=\"1770\" data-end=\"1801\">v\u00e4elooma l\u00fchikirjeldus<\/li>\n<\/ul>\n<p data-start=\"1803\" data-end=\"1883\">V\u00e4elooma kujuline ehe tagab, et oled alati <strong data-start=\"1832\" data-end=\"1852\">n\u00e4htav ja hoitud<\/strong> \u2013 \u00fcksk\u00f5ik, kuhu elutee sind viib.<\/p>\n<p>\ud83c\udf3f <strong data-start=\"1897\" data-end=\"1929\">Leia oma hingeseos loodusega<\/strong> \ud83c\udf3f<\/p>\n<p><em>Edika laser Disain. Made in Estonia.<\/em><\/p>\n","protected":false},"excerpt":{"rendered":"<p><span class=\"OYPEnA font-feature-liga-off font-feature-clig-off font-feature-calt-off text-decoration-none text-strikethrough-none\">Pimedas helkiv loom on loodud teie maagiliseks kaaslaseks. <\/span><span class=\"OYPEnA font-feature-liga-off font-feature-clig-off font-feature-calt-off text-decoration-none text-strikethrough-none\">Hingeloom rajab silla loomariiki ning jagab teiega oma v\u00f5imeid. <\/span><span class=\"OYPEnA font-feature-liga-off font-feature-clig-off font-feature-calt-off text-decoration-none text-strikethrough-none\"> Kaitseb ning saadab igap\u00e4evases elus ja on koosk\u00f5las nii teie enda kui ka teie vajadustega.<\/span><\/p>\n<h3 data-start=\"96\" data-end=\"157\"><strong data-start=\"103\" data-end=\"157\">Karu on j\u00f5u, enesekindluse ja sisemise rahu v\u00e4eloom. Karu on metsa vaikne valvur \u2013 s\u00fcmbol, kes kehastab f\u00fc\u00fcsilist ja vaimset v\u00e4ge, enesekindlust, kaitset ja rahulikku kohalolu.<\/strong><\/h3>\n<p><span class=\"OYPEnA font-feature-liga-off font-feature-clig-off font-feature-calt-off text-decoration-none text-strikethrough-none\">\u00a0<\/span><\/p>\n","protected":false},"featured_media":935,"comment_status":"open","ping_status":"closed","template":"","meta":{"_acf_changed":false},"product_brand":[],"product_cat":[20,19,21],"product_tag":[22,25,26],"class_list":{"0":"post-79","1":"product","2":"type-product","3":"status-publish","4":"has-post-thumbnail","6":"product_cat-helkivad-vaeloomad","7":"product_cat-helkurid","8":"product_cat-koik-tooted","9":"product_tag-helkur","10":"product_tag-karu","11":"product_tag-vaeloom","13":"first","14":"instock","15":"sale","16":"shipping-taxable","17":"purchasable","18":"product-type-variable","19":"has-default-attributes"},"acf":[],"_links":{"self":[{"href":"https:\/\/edikalaser.ee\/ru\/wp-json\/wp\/v2\/product\/79","targetHints":{"allow":["GET"]}}],"collection":[{"href":"https:\/\/edikalaser.ee\/ru\/wp-json\/wp\/v2\/product"}],"about":[{"href":"https:\/\/edikalaser.ee\/ru\/wp-json\/wp\/v2\/types\/product"}],"replies":[{"embeddable":true,"href":"https:\/\/edikalaser.ee\/ru\/wp-json\/wp\/v2\/comments?post=79"}],"wp:featuredmedia":[{"embeddable":true,"href":"https:\/\/edikalaser.ee\/ru\/wp-json\/wp\/v2\/media\/935"}],"wp:attachment":[{"href":"https:\/\/edikalaser.ee\/ru\/wp-json\/wp\/v2\/media?parent=79"}],"wp:term":[{"taxonomy":"product_brand","embeddable":true,"href":"https:\/\/edikalaser.ee\/ru\/wp-json\/wp\/v2\/product_brand?post=79"},{"taxonomy":"product_cat","embeddable":true,"href":"https:\/\/edikalaser.ee\/ru\/wp-json\/wp\/v2\/product_cat?post=79"},{"taxonomy":"product_tag","embeddable":true,"href":"https:\/\/edikalaser.ee\/ru\/wp-json\/wp\/v2\/product_tag?post=79"}],"curies":[{"name":"wp","href":"https:\/\/api.w.org\/{rel}","templated":true}]}}