{"id":78,"date":"2025-05-13T09:19:03","date_gmt":"2025-05-13T06:19:03","guid":{"rendered":"https:\/\/edikalaser.ee\/?post_type=product&#038;p=78"},"modified":"2025-11-21T12:13:25","modified_gmt":"2025-11-21T10:13:25","slug":"vaeloom-rebane","status":"publish","type":"product","link":"https:\/\/edikalaser.ee\/ru\/vaeloom-rebane\/","title":{"rendered":"Helkiv ehe &#171;V\u00e4eloom Rebane&#187;"},"content":{"rendered":"<h3 data-start=\"81\" data-end=\"153\"><strong data-start=\"88\" data-end=\"153\">Rebane \u2013 nutikuse, kohanemisv\u00f5ime ja sisemise tarkuse v\u00e4eloom<\/strong><\/h3>\n<p data-start=\"155\" data-end=\"309\"><span class=\"relative -mx-px my-[-0.2rem] rounded px-px py-[0.2rem] transition-colors duration-100 ease-in-out\"><strong data-start=\"0\" data-end=\"10\" data-is-only-node=\"\">Rebane<\/strong> on looduse meisterlik strateeg, kes liigub vaikselt, m\u00e4rkamatult ja alati teadlikult.<\/span> <span class=\"relative -mx-px my-[-0.2rem] rounded px-px py-[0.2rem] transition-colors duration-100 ease-in-out\">Ta kehastab <strong data-start=\"12\" data-end=\"24\">nutikust<\/strong>, <strong data-start=\"26\" data-end=\"45\">kohanemisv\u00f5imet<\/strong> ja <strong data-start=\"49\" data-end=\"65\">intuitsiooni<\/strong>.<\/span> <span class=\"relative -mx-px my-[-0.2rem] rounded px-px py-[0.2rem] transition-colors duration-100 ease-in-out\">Rebane \u00f5petab meid leidma loovaid lahendusi, usaldama oma sisetunnet ja j\u00e4\u00e4ma paindlikuks ka keerulistes olukordades.<\/span><\/p>\n<p data-start=\"311\" data-end=\"470\"><span class=\"relative -mx-px my-[-0.2rem] rounded px-px py-[0.2rem] transition-colors duration-100 ease-in-out\">Paljudes kultuurides on rebane tuntud kui <strong data-start=\"42\" data-end=\"60\">vaimne teejuht<\/strong>, kes aitab meil navigeerida elu keerukustes.<\/span> <span class=\"relative -mx-px my-[-0.2rem] rounded px-px py-[0.2rem] transition-colors duration-100 ease-in-out\">Jaapani m\u00fctoloogias rebane \u2013 s\u00f5numitooja ja kaitsevaim, kes s\u00fcmboliseerib <strong data-start=\"101\" data-end=\"109\">\u00f5nne<\/strong>, <strong data-start=\"111\" data-end=\"124\">viljakust<\/strong> ja <strong data-start=\"128\" data-end=\"147\" data-is-last-node=\"\">vaimset tarkust<\/strong><\/span>. Rebane hoiab perekonda kui tervikut ning harmoniseerib inimsuhteid. Toob sisemist tugevust ja aitab hirmudest v\u00f5itu saada.<\/p>\n<h3 data-start=\"477\" data-end=\"512\">\ud83c\udf3f <strong data-start=\"484\" data-end=\"512\">Rebase v\u00e4elooma s\u00f5numid:<\/strong><\/h3>\n<ul data-start=\"514\" data-end=\"811\">\n<li data-start=\"514\" data-end=\"582\">\n<p data-start=\"516\" data-end=\"582\"><strong data-start=\"516\" data-end=\"542\">Nutikus ja leidlikkus:<\/strong> <span class=\"relative -mx-px my-[-0.2rem] rounded px-px py-[0.2rem] transition-colors duration-100 ease-in-out\">Rebane tuletab meelde, et igale probleemile leidub lahendus, kui l\u00e4heneme sellele loovalt.<\/span><\/p>\n<\/li>\n<li data-start=\"583\" data-end=\"644\">\n<p data-start=\"585\" data-end=\"644\"><strong data-start=\"585\" data-end=\"604\">Kohanemisv\u00f5ime:<\/strong> <span class=\"relative -mx-px my-[-0.2rem] rounded px-px py-[0.2rem] transition-colors duration-100 ease-in-out\">Elu on pidevas muutumises \u2013 rebane \u00f5petab meid voolama koos elu r\u00fctmidega.<\/span><\/p>\n<\/li>\n<li data-start=\"645\" data-end=\"703\">\n<p data-start=\"647\" data-end=\"703\"><strong data-start=\"647\" data-end=\"663\">Intuitsioon:<\/strong> <span class=\"relative -mx-px my-[-0.2rem] rounded px-px py-[0.2rem] transition-colors duration-100 ease-in-out\">Usalda oma sisemist h\u00e4\u00e4lt; see juhatab sind \u00f5igel teel.<\/span><\/p>\n<\/li>\n<li data-start=\"704\" data-end=\"811\">\n<p data-start=\"706\" data-end=\"811\"><strong data-start=\"706\" data-end=\"732\">Diskreetsus ja tarkus:<\/strong> <span class=\"relative -mx-px my-[-0.2rem] rounded px-px py-[0.2rem] transition-colors duration-100 ease-in-out\">M\u00f5nikord on vaikimine ja vaatlemine parim viis m\u00f5ista ja \u00f5ppida.<\/span><\/p>\n<\/li>\n<\/ul>\n<p>&nbsp;<\/p>\n<hr data-start=\"538\" data-end=\"541\" \/>\n<h3><strong>Edika Laseri pimedas helkiv v\u00e4eloom \u2013 valgus, mis juhatab sind looduse poole<\/strong><\/h3>\n<p data-start=\"579\" data-end=\"778\">Meie elu kulgeb linnatulede, ekraanide, betooni ja pideva m\u00fcra keskel. Meil on alati tohutult kiire, k\u00f5ik tundub nii t\u00e4htis&#8230; aga just k\u00f5ige olulisemaks \u2013 ei j\u00e4\u00e4 enam aega.<\/p>\n<p data-start=\"780\" data-end=\"1074\">S\u00fcgaval sisimas igatseme k\u00f5ik vaikust, rahu ja sidet loodusega. Ma usun, et tuleb vaid peatuda. Peatuda ja kuulata \u2013 kuulata iseennast. Tuletada meelde, et me oleme osa loodusest. Alati olime ning alati j\u00e4\u00e4me.<br data-start=\"977\" data-end=\"980\" \/>See side ei kao kuhugi \u2013 isegi siis, kui meid \u00fcmbritseb linn ning isegi siis, kui oleme selle unustanud.<\/p>\n<p data-start=\"1076\" data-end=\"1369\"><strong data-start=\"1076\" data-end=\"1112\">Edika Laseri v\u00e4elooma helkiv ehe<\/strong> ei ole lihtsalt helkur ega n\u00e4htavust lisav aksessuaar. See on <strong data-start=\"1175\" data-end=\"1185\">s\u00fcmbol<\/strong>, sinu <strong data-start=\"1192\" data-end=\"1205\">hingeloom<\/strong>, sinu <strong data-start=\"1212\" data-end=\"1234\">sisemine juhendaja<\/strong> ja vaikne <strong data-start=\"1245\" data-end=\"1254\">s\u00f5ber<\/strong>, kes tuletab meelde looduse v\u00e4ge. Ta aitab sul leida tasakaalu, sisemist tugevust ja hingerahu \u2013 isegi keset linnamelu.<\/p>\n<p data-start=\"1371\" data-end=\"1496\">See ehe on meeldetuletus, et loodus on alati avatud ning sinu jaoks olemas &#8212; n\u00fc\u00fcd on sinu kord avada ennast!<\/p>\n<h3 data-start=\"1503\" data-end=\"1543\"><strong data-start=\"1507\" data-end=\"1543\">Tugev ja n\u00e4htav<br \/>\n<\/strong><\/h3>\n<p data-start=\"1545\" data-end=\"1734\"><strong data-start=\"1545\" data-end=\"1572\">Edika Laseri helkiv ehe<\/strong> on valmistatud <strong data-start=\"1588\" data-end=\"1620\">vastupidavast pleksiklaasist<\/strong> ja kaetud <strong>ilmastikukindla, EU standarditele vastava helkurmaterjaliga<\/strong>.<br \/>\nKomplektis on:<\/p>\n<ul>\n<li data-start=\"1737\" data-end=\"1747\">kummipael<\/li>\n<li data-start=\"1750\" data-end=\"1767\">kinnituskarabiin<\/li>\n<li data-start=\"1770\" data-end=\"1801\">v\u00e4elooma l\u00fchikirjeldus<\/li>\n<\/ul>\n<p>&nbsp;<\/p>\n<p data-start=\"1803\" data-end=\"1883\">V\u00e4elooma kujuline ehe tagab, et oled alati <strong data-start=\"1832\" data-end=\"1852\">n\u00e4htav ja hoitud<\/strong> \u2013 \u00fcksk\u00f5ik, kuhu elutee sind viib.<\/p>\n<p data-start=\"1803\" data-end=\"1883\">\n<p>\ud83c\udf3f <strong data-start=\"1897\" data-end=\"1929\">Leia oma hingeseos loodusega<\/strong> \ud83c\udf3f<\/p>\n<p>&nbsp;<\/p>\n<p><em>Edika laser Disain. Made in Estonia.<\/em><\/p>\n<p>&nbsp;<\/p>\n<p>&nbsp;<\/p>\n<p><span class=\"OYPEnA font-feature-liga-off font-feature-clig-off font-feature-calt-off text-decoration-none text-strikethrough-none\">\u00a0<\/span><\/p>\n","protected":false},"excerpt":{"rendered":"<p><span class=\"OYPEnA font-feature-liga-off font-feature-clig-off font-feature-calt-off text-decoration-none text-strikethrough-none\">Pimedas helkiv loom on loodud teie maagiliseks kaaslaseks. <\/span><span class=\"OYPEnA font-feature-liga-off font-feature-clig-off font-feature-calt-off text-decoration-none text-strikethrough-none\">Hingeloom rajab silla loomariiki ning jagab teiega oma v\u00f5imeid. <\/span><span class=\"OYPEnA font-feature-liga-off font-feature-clig-off font-feature-calt-off text-decoration-none text-strikethrough-none\"> Kaitseb ning saadab igap\u00e4evases elus ja on koosk\u00f5las nii teie enda kui ka teie vajadustega.<\/span><\/p>\n<h3 data-start=\"81\" data-end=\"153\"><strong data-start=\"88\" data-end=\"153\">Rebane on nutikuse, kohanemisv\u00f5ime ja sisemise tarkuse v\u00e4eloom.<\/strong><\/h3>\n<p><span class=\"OYPEnA font-feature-liga-off font-feature-clig-off font-feature-calt-off text-decoration-none text-strikethrough-none\">\u00a0<\/span><\/p>\n","protected":false},"featured_media":983,"comment_status":"open","ping_status":"closed","template":"","meta":{"_acf_changed":false},"product_brand":[],"product_cat":[20,19,21],"product_tag":[22,23,24],"class_list":{"0":"post-78","1":"product","2":"type-product","3":"status-publish","4":"has-post-thumbnail","6":"product_cat-helkivad-vaeloomad","7":"product_cat-helkurid","8":"product_cat-koik-tooted","9":"product_tag-helkur","10":"product_tag-rebane","11":"product_tag-vaeloomad","13":"first","14":"instock","15":"sale","16":"shipping-taxable","17":"purchasable","18":"product-type-variable"},"acf":[],"_links":{"self":[{"href":"https:\/\/edikalaser.ee\/ru\/wp-json\/wp\/v2\/product\/78","targetHints":{"allow":["GET"]}}],"collection":[{"href":"https:\/\/edikalaser.ee\/ru\/wp-json\/wp\/v2\/product"}],"about":[{"href":"https:\/\/edikalaser.ee\/ru\/wp-json\/wp\/v2\/types\/product"}],"replies":[{"embeddable":true,"href":"https:\/\/edikalaser.ee\/ru\/wp-json\/wp\/v2\/comments?post=78"}],"wp:featuredmedia":[{"embeddable":true,"href":"https:\/\/edikalaser.ee\/ru\/wp-json\/wp\/v2\/media\/983"}],"wp:attachment":[{"href":"https:\/\/edikalaser.ee\/ru\/wp-json\/wp\/v2\/media?parent=78"}],"wp:term":[{"taxonomy":"product_brand","embeddable":true,"href":"https:\/\/edikalaser.ee\/ru\/wp-json\/wp\/v2\/product_brand?post=78"},{"taxonomy":"product_cat","embeddable":true,"href":"https:\/\/edikalaser.ee\/ru\/wp-json\/wp\/v2\/product_cat?post=78"},{"taxonomy":"product_tag","embeddable":true,"href":"https:\/\/edikalaser.ee\/ru\/wp-json\/wp\/v2\/product_tag?post=78"}],"curies":[{"name":"wp","href":"https:\/\/api.w.org\/{rel}","templated":true}]}}