{"id":85,"date":"2025-05-13T09:19:03","date_gmt":"2025-05-13T06:19:03","guid":{"rendered":"https:\/\/edikalaser.ee\/?post_type=product&#038;p=85"},"modified":"2025-11-21T12:14:29","modified_gmt":"2025-11-21T10:14:29","slug":"vaeloom-nahkhiir","status":"publish","type":"product","link":"https:\/\/edikalaser.ee\/en\/vaeloom-nahkhiir\/","title":{"rendered":"Helkiv ehe &#8220;V\u00e4eloom Nahkhiir&#8221;"},"content":{"rendered":"<h3 data-start=\"111\" data-end=\"185\"><strong data-start=\"118\" data-end=\"185\">Nahkhiir \u2013 taass\u00fcnni, intuitsiooni ja varjatud tarkuse v\u00e4eloom<\/strong><\/h3>\n<p data-start=\"187\" data-end=\"438\"><strong data-start=\"187\" data-end=\"199\">Nahkhiir<\/strong> on \u00f6ise maailma salap\u00e4rane r\u00e4ndur, kes n\u00e4eb seda, mida teised ei n\u00e4e. Ta liigub pimeduses enesekindlalt ja usaldab t\u00e4ielikult oma sisetunnet. Nahkhiir kehastab <strong data-start=\"360\" data-end=\"373\">taass\u00fcndi<\/strong>, <strong data-start=\"375\" data-end=\"394\">vaimset selgust<\/strong>, <strong data-start=\"396\" data-end=\"412\">intuitsiooni<\/strong> ja <strong data-start=\"416\" data-end=\"435\">s\u00fcgavat muutust<\/strong>. Ta hoiab sind vastuolude eest ja aitab paljastada saladusi.<\/p>\n<p data-start=\"440\" data-end=\"654\">Tema v\u00e4gi aitab sul vabaneda vanadest mustritest ja astuda uude eluetappi kerguse ja julgusega. Nahkhiir on v\u00e4eloom neile, kes l\u00e4bivad suuri sisemisi muutusi, otsivad t\u00f5de ja julgevad vaadata varjatud s\u00fcgavustesse.<\/p>\n<p data-start=\"656\" data-end=\"989\">Nahkhiir on olnud paljudes kultuurides <strong data-start=\"695\" data-end=\"739\">transformatsiooni ja taass\u00fcnni s\u00fcmboliks<\/strong>. \u0160amanistlikes traditsioonides peetakse teda uue alguse kuulutajaks ja vaimseks teejuhiks. Ta aitab n\u00e4ha n\u00e4htamatut ja kuulda seda, mida s\u00fcda sosistab. Nahkhiir tuletab meelde, et pimedus ei ole midagi, mida karta \u2013 vaid koht, kus s\u00fcnnib uus valgus.<\/p>\n<h3 data-start=\"996\" data-end=\"1034\">\ud83c\udf3f <strong data-start=\"1003\" data-end=\"1034\">Nahkhiire v\u00e4elooma s\u00f5numid:<\/strong><\/h3>\n<p data-start=\"1036\" data-end=\"1134\"><strong data-start=\"1036\" data-end=\"1059\">Taass\u00fcnd ja muutus:<\/strong> Nahkhiir juhatab sind l\u00e4bi elu p\u00f6\u00f6rete ja aitab sind taass\u00fcnni protsessis.<\/p>\n<p data-start=\"1136\" data-end=\"1229\"><strong data-start=\"1136\" data-end=\"1171\">Intuitsioon ja selgeltn\u00e4gemine:<\/strong> \u00d5pi kuulama oma siseh\u00e4\u00e4lt \u2013 selles peitub t\u00f5eline tarkus.<\/p>\n<p data-start=\"1231\" data-end=\"1345\"><strong data-start=\"1231\" data-end=\"1267\">Julge oma varjude poole vaadata:<\/strong> T\u00f5eline vabadus tuleb siis, kui aktsepteerid ja tervendad oma varjatud k\u00fclgi.<\/p>\n<p data-start=\"1347\" data-end=\"1447\"><strong data-start=\"1347\" data-end=\"1369\">Vaikus ja s\u00fcgavus:<\/strong> Nahkhiir \u00f5petab, et t\u00f5eline teadmine s\u00fcnnib vaikusest ja t\u00e4helepanelikkusest.<\/p>\n<p data-start=\"1347\" data-end=\"1447\">\n<hr data-start=\"991\" data-end=\"994\" \/>\n<h3 data-start=\"508\" data-end=\"577\"><strong data-start=\"512\" data-end=\"577\">Edika Laseri pimedas helkiv v\u00e4eloom \u2013 valgus, mis juhatab sind looduse poole<\/strong><\/h3>\n<p data-start=\"579\" data-end=\"778\">Meie elu kulgeb linnatulede, ekraanide, betooni ja pideva m\u00fcra keskel. Meil on alati tohutult kiire, k\u00f5ik tundub nii t\u00e4htis&#8230; aga just k\u00f5ige olulisemaks \u2013 ei j\u00e4\u00e4 enam aega.<\/p>\n<p data-start=\"780\" data-end=\"1074\">S\u00fcgaval sisimas igatseme k\u00f5ik vaikust, rahu ja sidet loodusega. Ma usun, et tuleb vaid peatuda. Peatuda ja kuulata \u2013 kuulata iseennast. Tuletada meelde, et me oleme osa loodusest. Alati olime ning alati j\u00e4\u00e4me.<br data-start=\"977\" data-end=\"980\" \/>See side ei kao kuhugi \u2013 isegi siis, kui meid \u00fcmbritseb linn ning isegi siis, kui oleme selle unustanud.<\/p>\n<p data-start=\"1076\" data-end=\"1369\"><strong data-start=\"1076\" data-end=\"1112\">Edika Laseri v\u00e4elooma helkiv ehe<\/strong> ei ole lihtsalt helkur ega n\u00e4htavust lisav aksessuaar. See on <strong data-start=\"1175\" data-end=\"1185\">s\u00fcmbol<\/strong>, sinu <strong data-start=\"1192\" data-end=\"1205\">hingeloom<\/strong>, sinu <strong data-start=\"1212\" data-end=\"1234\">sisemine juhendaja<\/strong> ja vaikne <strong data-start=\"1245\" data-end=\"1254\">s\u00f5ber<\/strong>, kes tuletab meelde looduse v\u00e4ge. Ta aitab sul leida tasakaalu, sisemist tugevust ja hingerahu \u2013 isegi keset linnamelu.<\/p>\n<p data-start=\"1371\" data-end=\"1496\">See ehe on meeldetuletus, et loodus on alati avatud ning sinu jaoks olemas &#8211; n\u00fc\u00fcd on sinu kord avada ennast!<\/p>\n<h3 data-start=\"1503\" data-end=\"1543\"><strong data-start=\"1507\" data-end=\"1543\">Tugev ja n\u00e4htav<br \/>\n<\/strong><\/h3>\n<p data-start=\"1545\" data-end=\"1734\"><strong data-start=\"1545\" data-end=\"1572\">Edika Laseri helkiv ehe<\/strong> on valmistatud <strong data-start=\"1588\" data-end=\"1620\">vastupidavast pleksiklaasist<\/strong> ja kaetud <strong>ilmastikukindla, EU standarditele vastava helkurmaterjaliga<\/strong>.<br \/>\nKomplektis on:<\/p>\n<ul>\n<li data-start=\"1737\" data-end=\"1747\">kummipael<\/li>\n<li data-start=\"1750\" data-end=\"1767\">kinnituskarabiin<\/li>\n<li data-start=\"1770\" data-end=\"1801\">v\u00e4elooma l\u00fchikirjeldus<\/li>\n<\/ul>\n<p data-start=\"1803\" data-end=\"1883\">V\u00e4elooma kujuline ehe tagab, et oled alati <strong data-start=\"1832\" data-end=\"1852\">n\u00e4htav ja hoitud<\/strong> \u2013 \u00fcksk\u00f5ik, kuhu elutee sind viib.<\/p>\n<p>\ud83c\udf3f <strong data-start=\"1897\" data-end=\"1929\">Leia oma hingeseos loodusega<\/strong> \ud83c\udf3f<\/p>\n<p><em>Edika laser Disain. Made in Estonia.<\/em><\/p>\n","protected":false},"excerpt":{"rendered":"<p><span class=\"OYPEnA font-feature-liga-off font-feature-clig-off font-feature-calt-off text-decoration-none text-strikethrough-none\">Pimedas helkiv loom on loodud teie maagiliseks kaaslaseks. <\/span><span class=\"OYPEnA font-feature-liga-off font-feature-clig-off font-feature-calt-off text-decoration-none text-strikethrough-none\">Hingeloom rajab silla loomariiki ning jagab teiega oma v\u00f5imeid. <\/span><span class=\"OYPEnA font-feature-liga-off font-feature-clig-off font-feature-calt-off text-decoration-none text-strikethrough-none\"> Kaitseb ning saadab igap\u00e4evases elus ja on koosk\u00f5las nii teie enda kui ka teie vajadustega.<\/span><\/p>\n<h3 data-start=\"111\" data-end=\"185\"><strong data-start=\"118\" data-end=\"185\">Nahkhiir on taass\u00fcnni, intuitsiooni ja varjatud tarkuse v\u00e4eloom. <\/strong><strong data-start=\"187\" data-end=\"199\">Nahkhiir<\/strong> on \u00f6ise maailma salap\u00e4rane r\u00e4ndur, kes n\u00e4eb seda, mida teised ei n\u00e4e.<\/h3>\n<p>&nbsp;<\/p>\n","protected":false},"featured_media":142,"comment_status":"open","ping_status":"closed","template":"","meta":{"_acf_changed":false},"product_brand":[],"product_cat":[20,19,21],"product_tag":[22,24],"class_list":{"0":"post-85","1":"product","2":"type-product","3":"status-publish","4":"has-post-thumbnail","6":"product_cat-helkivad-vaeloomad","7":"product_cat-helkurid","8":"product_cat-koik-tooted","9":"product_tag-helkur","10":"product_tag-vaeloomad","12":"first","13":"instock","14":"sale","15":"shipping-taxable","16":"purchasable","17":"product-type-variable"},"acf":[],"_links":{"self":[{"href":"https:\/\/edikalaser.ee\/en\/wp-json\/wp\/v2\/product\/85","targetHints":{"allow":["GET"]}}],"collection":[{"href":"https:\/\/edikalaser.ee\/en\/wp-json\/wp\/v2\/product"}],"about":[{"href":"https:\/\/edikalaser.ee\/en\/wp-json\/wp\/v2\/types\/product"}],"replies":[{"embeddable":true,"href":"https:\/\/edikalaser.ee\/en\/wp-json\/wp\/v2\/comments?post=85"}],"wp:featuredmedia":[{"embeddable":true,"href":"https:\/\/edikalaser.ee\/en\/wp-json\/wp\/v2\/media\/142"}],"wp:attachment":[{"href":"https:\/\/edikalaser.ee\/en\/wp-json\/wp\/v2\/media?parent=85"}],"wp:term":[{"taxonomy":"product_brand","embeddable":true,"href":"https:\/\/edikalaser.ee\/en\/wp-json\/wp\/v2\/product_brand?post=85"},{"taxonomy":"product_cat","embeddable":true,"href":"https:\/\/edikalaser.ee\/en\/wp-json\/wp\/v2\/product_cat?post=85"},{"taxonomy":"product_tag","embeddable":true,"href":"https:\/\/edikalaser.ee\/en\/wp-json\/wp\/v2\/product_tag?post=85"}],"curies":[{"name":"wp","href":"https:\/\/api.w.org\/{rel}","templated":true}]}}