{"id":83,"date":"2025-05-13T09:19:03","date_gmt":"2025-05-13T06:19:03","guid":{"rendered":"https:\/\/edikalaser.ee\/?post_type=product&#038;p=83"},"modified":"2025-11-21T12:16:55","modified_gmt":"2025-11-21T10:16:55","slug":"vaeloom-hunt","status":"publish","type":"product","link":"https:\/\/edikalaser.ee\/en\/vaeloom-hunt\/","title":{"rendered":"Helkiv ehe &#8220;V\u00e4eloom Hunt&#8221;"},"content":{"rendered":"<h3 data-start=\"81\" data-end=\"140\"><strong data-start=\"88\" data-end=\"140\">Hunt \u2013 vabaduse, tarkuse ja sisemise j\u00f5u v\u00e4eloom<\/strong><\/h3>\n<p data-start=\"142\" data-end=\"256\"><span class=\"relative -mx-px my-[-0.2rem] rounded px-px py-[0.2rem] transition-colors duration-100 ease-in-out\"><strong data-start=\"0\" data-end=\"8\" data-is-only-node=\"\">Hunt<\/strong> on metsiku looduse kehastus \u2013 ta on vaba, tark ja s\u00fcgavalt intuitiivne.<\/span> <span class=\"relative -mx-px my-[-0.2rem] rounded px-px py-[0.2rem] transition-colors duration-100 ease-in-out\">Tema kohalolek sinu elus viitab sellele, et oled valmis kuulama oma sisemist h\u00e4\u00e4lt ja astuma julgelt oma teed.<\/span><\/p>\n<p data-start=\"258\" data-end=\"376\"><span class=\"relative -mx-px my-[-0.2rem] rounded px-px py-[0.2rem] transition-colors duration-100 ease-in-out\">Hunt \u00f5petab meid usaldama oma instinkte ja seisma kindlalt oma t\u00f5ekspidamiste eest.<\/span> <span class=\"relative -mx-px my-[-0.2rem] rounded px-px py-[0.2rem] transition-colors duration-100 ease-in-out\">Ta tuletab meelde, et t\u00f5eline tugevus peitub tasakaalus \u2013 oskuses olla nii iseseisev kui ka osa kogukonnast. <\/span><span class=\"relative -mx-px my-[-0.2rem] rounded px-px py-[0.2rem] transition-colors duration-100 ease-in-out\">Hunt aitab\u00a0<\/span><span class=\"OYPEnA font-feature-liga-off font-feature-clig-off font-feature-calt-off text-decoration-none text-strikethrough-none\"> sotsialiseeruda ja <\/span><span class=\"OYPEnA font-feature-liga-off font-feature-clig-off font-feature-calt-off text-decoration-none text-strikethrough-none\">toetab enesekindlust.<\/span><\/p>\n<p data-start=\"378\" data-end=\"536\"><span class=\"relative -mx-px my-[-0.2rem] rounded px-px py-[0.2rem] transition-colors duration-100 ease-in-out\">Paljudes kultuurides on hunti peetud vaimseks teejuhtiks ja kaitsjaks.\u00a0<\/span>  <span class=\"relative -mx-px my-[-0.2rem] rounded px-px py-[0.2rem] transition-colors duration-100 ease-in-out\">Ta s\u00fcmboliseerib <strong data-start=\"17\" data-end=\"28\">julgust<\/strong>, <strong data-start=\"30\" data-end=\"42\">ustavust<\/strong>, <strong data-start=\"44\" data-end=\"56\">vabadust<\/strong> ja <strong data-start=\"60\" data-end=\"80\">vaimset \u00e4rkamist<\/strong>.<\/span><\/p>\n<h3 data-start=\"543\" data-end=\"577\">\ud83c\udf3f<strong data-start=\"550\" data-end=\"577\">Hundi v\u00e4elooma s\u00f5numid:<\/strong><\/h3>\n<ul data-start=\"579\" data-end=\"901\">\n<li data-start=\"579\" data-end=\"656\">\n<p data-start=\"581\" data-end=\"656\"><strong data-start=\"581\" data-end=\"616\">Intuitsioon ja sisemine tarkus:<\/strong> <span class=\"relative -mx-px my-[-0.2rem] rounded px-px py-[0.2rem] transition-colors duration-100 ease-in-out\">Usalda oma sisetunnet ja lase sellel end juhtida.<\/span><\/p>\n<\/li>\n<li data-start=\"657\" data-end=\"725\">\n<p data-start=\"659\" data-end=\"725\"><strong data-start=\"659\" data-end=\"685\">Vabadus ja iseseisvus:<\/strong> <span class=\"relative -mx-px my-[-0.2rem] rounded px-px py-[0.2rem] transition-colors duration-100 ease-in-out\">Ole truu iseendale ja \u00e4ra karda astuda oma rada.<\/span><\/p>\n<\/li>\n<li data-start=\"726\" data-end=\"792\">\n<p data-start=\"728\" data-end=\"792\"><strong data-start=\"728\" data-end=\"752\">Kogukond ja koost\u00f6\u00f6:<\/strong> <span class=\"relative -mx-px my-[-0.2rem] rounded px-px py-[0.2rem] transition-colors duration-100 ease-in-out\">Hindame s\u00fcgavalt sidemeid oma l\u00e4hedastega ja toetame \u00fcksteist.<\/span><\/p>\n<\/li>\n<li data-start=\"793\" data-end=\"901\">\n<p data-start=\"795\" data-end=\"901\"><strong data-start=\"795\" data-end=\"822\">Julgus ja vastupidavus:<\/strong> <span class=\"relative -mx-px my-[-0.2rem] rounded px-px py-[0.2rem] transition-colors duration-100 ease-in-out\">Seisa silmitsi v\u00e4ljakutsetega kindlalt ja kartmatult.<\/span><\/p>\n<\/li>\n<\/ul>\n<p data-start=\"795\" data-end=\"901\">\n<hr data-start=\"538\" data-end=\"541\" \/>\n<h3><strong>Edika Laseri pimedas helkiv v\u00e4eloom \u2013 valgus, mis juhatab sind looduse poole<\/strong><\/h3>\n<p data-start=\"579\" data-end=\"778\">Meie elu kulgeb linnatulede, ekraanide, betooni ja pideva m\u00fcra keskel. Meil on alati tohutult kiire, k\u00f5ik tundub nii t\u00e4htis&#8230; aga just k\u00f5ige olulisemaks \u2013 ei j\u00e4\u00e4 enam aega.<\/p>\n<p data-start=\"780\" data-end=\"1074\">S\u00fcgaval sisimas igatseme k\u00f5ik vaikust, rahu ja sidet loodusega. Ma usun, et tuleb vaid peatuda. Peatuda ja kuulata \u2013 kuulata iseennast. Tuletada meelde, et me oleme osa loodusest. Alati olime ning alati j\u00e4\u00e4me.<br data-start=\"977\" data-end=\"980\" \/>See side ei kao kuhugi \u2013 isegi siis, kui meid \u00fcmbritseb linn ning isegi siis, kui oleme selle unustanud.<\/p>\n<p data-start=\"1076\" data-end=\"1369\"><strong data-start=\"1076\" data-end=\"1112\">Edika Laseri v\u00e4elooma helkiv ehe<\/strong> ei ole lihtsalt helkur ega n\u00e4htavust lisav aksessuaar. See on <strong data-start=\"1175\" data-end=\"1185\">s\u00fcmbol<\/strong>, sinu <strong data-start=\"1192\" data-end=\"1205\">hingeloom<\/strong>, sinu <strong data-start=\"1212\" data-end=\"1234\">sisemine juhendaja<\/strong> ja vaikne <strong data-start=\"1245\" data-end=\"1254\">s\u00f5ber<\/strong>, kes tuletab meelde looduse v\u00e4ge. Ta aitab sul leida tasakaalu, sisemist tugevust ja hingerahu \u2013 isegi keset linnamelu.<\/p>\n<p data-start=\"1371\" data-end=\"1496\">See ehe on meeldetuletus, et loodus on alati avatud ning sinu jaoks olemas &#8211; n\u00fc\u00fcd on sinu kord avada ennast!<\/p>\n<h3 data-start=\"1503\" data-end=\"1543\"><strong data-start=\"1507\" data-end=\"1543\">Tugev ja n\u00e4htav<br \/>\n<\/strong><\/h3>\n<p data-start=\"1545\" data-end=\"1734\"><strong data-start=\"1545\" data-end=\"1572\">Edika Laseri helkiv ehe<\/strong> on valmistatud <strong data-start=\"1588\" data-end=\"1620\">vastupidavast pleksiklaasist<\/strong> ja kaetud <strong>ilmastikukindla, EU standarditele vastava helkurmaterjaliga<\/strong>.<br \/>\nKomplektis on:<\/p>\n<ul>\n<li data-start=\"1737\" data-end=\"1747\">kummipael<\/li>\n<li data-start=\"1750\" data-end=\"1767\">kinnituskarabiin<\/li>\n<li data-start=\"1770\" data-end=\"1801\">v\u00e4elooma l\u00fchikirjeldus<\/li>\n<\/ul>\n<p data-start=\"1803\" data-end=\"1883\">V\u00e4elooma kujuline ehe tagab, et oled alati <strong data-start=\"1832\" data-end=\"1852\">n\u00e4htav ja hoitud<\/strong> \u2013 \u00fcksk\u00f5ik, kuhu elutee sind viib.<\/p>\n<p data-start=\"1803\" data-end=\"1883\">\n<p data-start=\"795\" data-end=\"901\">\ud83c\udf3f <strong data-start=\"1897\" data-end=\"1929\">Leia oma hingeseos loodusega<\/strong> \ud83c\udf3f<\/p>\n<p data-start=\"795\" data-end=\"901\">\n<p><em>Edika laser Disain. Made in Estonia.<\/em><\/p>\n","protected":false},"excerpt":{"rendered":"<p><span class=\"OYPEnA font-feature-liga-off font-feature-clig-off font-feature-calt-off text-decoration-none text-strikethrough-none\">Pimedas helkiv loom on loodud teie maagiliseks kaaslaseks. <\/span><span class=\"OYPEnA font-feature-liga-off font-feature-clig-off font-feature-calt-off text-decoration-none text-strikethrough-none\">Hingeloom rajab silla loomariiki ning jagab teiega oma v\u00f5imeid. <\/span><span class=\"OYPEnA font-feature-liga-off font-feature-clig-off font-feature-calt-off text-decoration-none text-strikethrough-none\"> Kaitseb ning saadab igap\u00e4evases elus ja on koosk\u00f5las nii teie enda kui ka teie vajadustega.<\/span><\/p>\n<h3 data-start=\"81\" data-end=\"140\"><strong data-start=\"88\" data-end=\"140\">Hunt on vabaduse, tarkuse ja sisemise j\u00f5u v\u00e4eloom.<\/strong><\/h3>\n","protected":false},"featured_media":962,"comment_status":"open","ping_status":"closed","template":"","meta":{"_acf_changed":false},"product_brand":[],"product_cat":[20,19,21],"product_tag":[],"class_list":{"0":"post-83","1":"product","2":"type-product","3":"status-publish","4":"has-post-thumbnail","6":"product_cat-helkivad-vaeloomad","7":"product_cat-helkurid","8":"product_cat-koik-tooted","10":"first","11":"instock","12":"sale","13":"shipping-taxable","14":"purchasable","15":"product-type-variable"},"acf":[],"_links":{"self":[{"href":"https:\/\/edikalaser.ee\/en\/wp-json\/wp\/v2\/product\/83","targetHints":{"allow":["GET"]}}],"collection":[{"href":"https:\/\/edikalaser.ee\/en\/wp-json\/wp\/v2\/product"}],"about":[{"href":"https:\/\/edikalaser.ee\/en\/wp-json\/wp\/v2\/types\/product"}],"replies":[{"embeddable":true,"href":"https:\/\/edikalaser.ee\/en\/wp-json\/wp\/v2\/comments?post=83"}],"wp:featuredmedia":[{"embeddable":true,"href":"https:\/\/edikalaser.ee\/en\/wp-json\/wp\/v2\/media\/962"}],"wp:attachment":[{"href":"https:\/\/edikalaser.ee\/en\/wp-json\/wp\/v2\/media?parent=83"}],"wp:term":[{"taxonomy":"product_brand","embeddable":true,"href":"https:\/\/edikalaser.ee\/en\/wp-json\/wp\/v2\/product_brand?post=83"},{"taxonomy":"product_cat","embeddable":true,"href":"https:\/\/edikalaser.ee\/en\/wp-json\/wp\/v2\/product_cat?post=83"},{"taxonomy":"product_tag","embeddable":true,"href":"https:\/\/edikalaser.ee\/en\/wp-json\/wp\/v2\/product_tag?post=83"}],"curies":[{"name":"wp","href":"https:\/\/api.w.org\/{rel}","templated":true}]}}