{"id":135,"date":"2025-05-13T09:19:24","date_gmt":"2025-05-13T06:19:24","guid":{"rendered":"https:\/\/edikalaser.ee\/?post_type=product&#038;p=135"},"modified":"2025-11-21T12:11:24","modified_gmt":"2025-11-21T10:11:24","slug":"inspireerivad-tassialused","status":"publish","type":"product","link":"https:\/\/edikalaser.ee\/en\/inspireerivad-tassialused\/","title":{"rendered":"Inspireerivate s\u00f5numitega tassialused"},"content":{"rendered":"<p data-start=\"130\" data-end=\"339\"><strong data-start=\"130\" data-end=\"239\">Edika Laseri s\u00f5numiga tassialused ei ole lihtsalt praktiline detail sinu laual \u2013 see on midagi oluliselt rohkemat&#8230;\u00a0<\/strong><\/p>\n<p data-start=\"130\" data-end=\"339\">Meie <em data-start=\"346\" data-end=\"355\">mindful<\/em> tassialused on loodud selleks, et toetada sinu hinge ning lasta sul tunda end looduse poolt hoituna.<\/p>\n<p data-start=\"130\" data-end=\"339\">Meie tassialus on kui hea s\u00f5ber, kes toetab \u00f5igel hetkel ja \u00f5ige s\u00f5naga &#8211; kui oled v\u00e4sinud v\u00f5i tunned end \u00fcksi. S\u00fcdamlik s\u00f5num, mis on sinuga siis, kui saad v\u00f5tta hetke iseendale, nautida tassikest teed v\u00f5i kohvi ning v\u00f5ibolla just temalt leiad k\u00fcsimustele vastuse. Me siiralt soovime<strong><em>, <\/em><\/strong>et <strong><em>sinu tass <\/em><\/strong>oleks alati t\u00e4is.<\/p>\n<p data-start=\"576\" data-end=\"854\">\u201e<strong data-start=\"577\" data-end=\"608\">Me oleme see, mida m\u00f5tleme.<\/strong>\u201d \u2013 iga s\u00f5num tassialusel on kui v\u00e4ike meeldetuletus, et su m\u00f5tted loovad sinu maailma. M\u00f5tle positiivselt!<br data-start=\"715\" data-end=\"718\" \/>Meie s\u00f5numitega tassialused on kui igap\u00e4evane abivahend, mis aitavad sul keskenduda heale, leida inspiratsiooni ja tunda s\u00fcdames kergust.<\/p>\n<p data-start=\"856\" data-end=\"1036\">Olgu peal lihtne m\u00f5te <em data-start=\"878\" data-end=\"892\">\u201eEla hetkes\u201d<\/em>, soe meeldetuletus <em data-start=\"912\" data-end=\"930\">\u201eSa oled t\u00e4htis\u201d<\/em> v\u00f5i inspireeriv tsitaat, mis paneb silmad s\u00e4rama&#8230;<\/p>\n<p data-start=\"1038\" data-end=\"1080\">\u2728 <strong data-start=\"1040\" data-end=\"1078\">Edika Laseri s\u00f5numiga tassialused:<\/strong><\/p>\n<ul>\n<li data-start=\"1030\" data-end=\"1045\">toetavad positiivset ellusuhtumist<\/li>\n<li data-start=\"1046\" data-end=\"1114\">\n<p data-start=\"1048\" data-end=\"1114\">muudavad igat kohvipausi eriliseks<\/p>\n<\/li>\n<li>on t\u00e4iuslik kingitus l\u00e4hedasele, s\u00f5brale, kolleegile v\u00f5i iseendale<\/li>\n<\/ul>\n<p data-start=\"1030\" data-end=\"1045\"><strong data-start=\"1030\" data-end=\"1043\">Lisainfo:<\/strong><\/p>\n<ul>\n<li data-start=\"1030\" data-end=\"1045\"><strong data-start=\"1117\" data-end=\"1128\">Suurus:<\/strong> 10 \u00d7 10 cm<\/li>\n<li data-start=\"1046\" data-end=\"1114\">\n<p data-start=\"1048\" data-end=\"1114\"><strong data-start=\"1048\" data-end=\"1061\">Materjal:<\/strong> 3mm vineer<\/p>\n<p data-start=\"1048\" data-end=\"1114\"><em>Toode on lihvitud, kuid muul moel t\u00f6\u00f6tlemata. Soovi korral v\u00f5ib ise v\u00e4rvida ja kujundada. Soovitame t\u00f6\u00f6delda puidu kaitsevahendiga (sobib nt linaseemne\u00f5li).<\/em><\/p>\n<\/li>\n<\/ul>\n<p><strong>\u00a0Iga tassialus on loodud hoole ja armastusega \u2013 et sinu tassit\u00e4is kohvi v\u00f5i teed oleks alati rohkem kui lihtsalt kohvipaus. See oleks\u00a0 hetk t\u00e4is s\u00fcdamesoojust ja rahutunnet.<\/strong><\/p>\n<p>&nbsp;<\/p>\n<p data-start=\"1251\" data-end=\"1440\"><strong>VALI ENDA S\u00d5NUM:<\/strong><\/p>\n<p data-start=\"1251\" data-end=\"1440\"><strong>nr 1 &#8211; <\/strong><em>Andestamine ei t\u00e4henda, et n\u00f5ustud juhtunuga &#8211; see t\u00e4hendab, et keeldud laskmast sellel enam kontrollida oma elu<\/em><\/p>\n<p data-start=\"1251\" data-end=\"1440\"><strong>nr 2 &#8211; <\/strong><em>J\u00e4\u00e4 sinna, kus su s\u00fcda tunneb ennast \u00d5nnelikuna<\/em><\/p>\n<p data-start=\"1251\" data-end=\"1440\"><strong>nr 3 &#8211; <\/strong><em>Hinda oma s\u00fcdamerahu rohkem, kui kellegi teise arvamust<\/em><\/p>\n<p data-start=\"1251\" data-end=\"1440\"><strong>nr 4 &#8211; <\/strong><em>Kui sul on iga p\u00e4ev tunne, et pead end kokku v\u00f5tma, v\u00f5ib-olla on aeg hoopis lahti lasta<\/em><\/p>\n<p data-start=\"1251\" data-end=\"1440\"><strong>nr 5 &#8211; <\/strong><em>Looduse r\u00fctmid \u00f5petavad meile meelerahu ja usaldust &#8211; enda ja elu vastu. Igal aastal \u00f5itseb uus kevad<\/em><\/p>\n<p data-start=\"1251\" data-end=\"1440\"><strong>nr 6 &#8211; <\/strong><em>Kui sa siiralt soovid head teistele, tuleb hea ka sulle endale tagasi<\/em><\/p>\n<p data-start=\"1251\" data-end=\"1440\"><strong>nr 7 &#8211; <\/strong><em>Iga hetk on uus algus. Mitte midagi\u00a0\u00a0ei pea kandma edasi, kui sa ei taha<\/em><\/p>\n<p data-start=\"1251\" data-end=\"1440\"><strong>nr 8 &#8211; <\/strong><em>Sa oled oma elu kunstnik, \u00e4ra anna pintslit teiste k\u00e4tte<\/em><\/p>\n<p data-start=\"1251\" data-end=\"1440\"><strong>nr 9 &#8211; <\/strong><em>Vaata alati p\u00e4ikese poole, siis j\u00e4\u00e4vad varjud selja taha<\/em><\/p>\n<p data-start=\"1251\" data-end=\"1440\"><strong>nr 10 &#8211; <\/strong><em>Sul on \u00d5nneks k\u00f5ik vajalik olemas &#8211; see oled sina ise<\/em><\/p>\n<p data-start=\"1251\" data-end=\"1440\"><strong>nr 11 &#8211; <\/strong><em>Kui see teeb sind \u00d5nnelikuks &#8211; on see seda v\u00e4\u00e4rt<\/em><\/p>\n<p data-start=\"1251\" data-end=\"1440\"><strong>nr 12 &#8211; <\/strong><em>Kevad on t\u00f5estuseks, et muutus v\u00f5ib olla kaunis<\/em><\/p>\n<p data-start=\"1251\" data-end=\"1440\"><strong>nr 13 &#8211; <\/strong><em>K\u00f5ik mida sa teistele soovid ja teed &#8211; soovid ja teed sa ka ise endale<\/em><\/p>\n<p data-start=\"1251\" data-end=\"1440\"><strong>nr 14 &#8211; <\/strong><em>Otsides elus suuri r\u00f5\u00f5me, \u00e4ra vaata m\u00f6\u00f6da v\u00e4ikestest<\/em><\/p>\n<p data-start=\"1251\" data-end=\"1440\"><strong>nr 15 &#8211; <\/strong><em>Tee iseenda juurde k\u00e4ib alati oma unistuste kaudu &#8211; mitte kunagi aga teiste<\/em><\/p>\n<p data-start=\"1251\" data-end=\"1440\"><strong>nr 16 &#8211; <\/strong><em>Headus on ainus r\u00fc\u00fc, mis ei kulu kunagi<\/em><\/p>\n<p data-start=\"1251\" data-end=\"1440\"><strong>nr 17 &#8211; <\/strong><em>Sa oled just nii \u00f5nnelik, kui \u00f5nnelikuks sa ise oma elu elad<\/em><\/p>\n<p data-start=\"1251\" data-end=\"1440\"><strong>nr 18 &#8211; <\/strong><em>Juhused pole juhuslikud, elu suunab meid sinna, kuhu meie hing on soovinud alati minna<\/em><\/p>\n<p data-start=\"1251\" data-end=\"1440\"><strong>nr 19 &#8211; <\/strong><em>Muutus ise ei tee kunagi haiget, t\u00f5elist valu tekitab vaid vastuhakk muutusele<\/em><\/p>\n<p data-start=\"1251\" data-end=\"1440\"><strong>nr 20 &#8211; <\/strong><em>K\u00f5ik, mida sa vajad, leiab tee sinuni<\/em><\/p>\n<p data-start=\"1251\" data-end=\"1440\"><strong>nr 21 &#8211; <\/strong><em>Sa juba oled T\u00c4IUSLIK, just sellisena nagu oled<\/em><\/p>\n","protected":false},"excerpt":{"rendered":"<p>Edika Laseri <strong>inspireerivad, toetavate s\u00f5numitega puidust tassialused.\u00a0<\/strong><\/p>\n<p>Sobivad ideaalselt kingituseks s\u00f5brale, kallimale, emale, isale, kolleegile, koolil\u00f5petajale, \u00f5petajale v\u00f5i endale.<\/p>\n","protected":false},"featured_media":1127,"comment_status":"open","ping_status":"closed","template":"","meta":{"_acf_changed":false},"product_brand":[],"product_cat":[21,28],"product_tag":[],"class_list":{"0":"post-135","1":"product","2":"type-product","3":"status-publish","4":"has-post-thumbnail","6":"product_cat-koik-tooted","7":"product_cat-personaalsed-kingitused","9":"first","10":"instock","11":"shipping-taxable","12":"purchasable","13":"product-type-variable"},"acf":[],"_links":{"self":[{"href":"https:\/\/edikalaser.ee\/en\/wp-json\/wp\/v2\/product\/135","targetHints":{"allow":["GET"]}}],"collection":[{"href":"https:\/\/edikalaser.ee\/en\/wp-json\/wp\/v2\/product"}],"about":[{"href":"https:\/\/edikalaser.ee\/en\/wp-json\/wp\/v2\/types\/product"}],"replies":[{"embeddable":true,"href":"https:\/\/edikalaser.ee\/en\/wp-json\/wp\/v2\/comments?post=135"}],"wp:featuredmedia":[{"embeddable":true,"href":"https:\/\/edikalaser.ee\/en\/wp-json\/wp\/v2\/media\/1127"}],"wp:attachment":[{"href":"https:\/\/edikalaser.ee\/en\/wp-json\/wp\/v2\/media?parent=135"}],"wp:term":[{"taxonomy":"product_brand","embeddable":true,"href":"https:\/\/edikalaser.ee\/en\/wp-json\/wp\/v2\/product_brand?post=135"},{"taxonomy":"product_cat","embeddable":true,"href":"https:\/\/edikalaser.ee\/en\/wp-json\/wp\/v2\/product_cat?post=135"},{"taxonomy":"product_tag","embeddable":true,"href":"https:\/\/edikalaser.ee\/en\/wp-json\/wp\/v2\/product_tag?post=135"}],"curies":[{"name":"wp","href":"https:\/\/api.w.org\/{rel}","templated":true}]}}