{"id":1297,"date":"2026-04-29T18:45:37","date_gmt":"2026-04-29T15:45:37","guid":{"rendered":"https:\/\/edikalaser.ee\/?post_type=product&#038;p=1297"},"modified":"2026-04-29T18:57:39","modified_gmt":"2026-04-29T15:57:39","slug":"puidustlillema","status":"publish","type":"product","link":"https:\/\/edikalaser.ee\/en\/puidustlillema\/","title":{"rendered":"Puidust lill &#8220;Kallis ema&#8221;"},"content":{"rendered":"<p data-start=\"142\" data-end=\"225\">Iga toode on hoole ja armastusega valmistatud, arvestades sinu personaalseid soove.<\/p>\n<p data-start=\"227\" data-end=\"470\">Lill emale, mis ei n\u00e4rtsi kunagi. Parim kingitus emadep\u00e4evaks.<\/p>\n<p data-start=\"472\" data-end=\"658\"><strong>NB! Personaalsete toodete valmistamise aeg on 3-7 t\u00f6\u00f6p\u00e4eva.<\/strong><\/p>\n<p data-start=\"669\" data-end=\"958\">\n","protected":false},"excerpt":{"rendered":"<p>&nbsp;<\/p>\n<p>&nbsp;<\/p>\n","protected":false},"featured_media":1299,"comment_status":"open","ping_status":"closed","template":"","meta":{"_acf_changed":false},"product_brand":[],"product_cat":[21],"product_tag":[],"class_list":{"0":"post-1297","1":"product","2":"type-product","3":"status-publish","4":"has-post-thumbnail","6":"product_cat-koik-tooted","8":"first","9":"instock","10":"shipping-taxable","11":"purchasable","12":"product-type-simple"},"acf":[],"_links":{"self":[{"href":"https:\/\/edikalaser.ee\/en\/wp-json\/wp\/v2\/product\/1297","targetHints":{"allow":["GET"]}}],"collection":[{"href":"https:\/\/edikalaser.ee\/en\/wp-json\/wp\/v2\/product"}],"about":[{"href":"https:\/\/edikalaser.ee\/en\/wp-json\/wp\/v2\/types\/product"}],"replies":[{"embeddable":true,"href":"https:\/\/edikalaser.ee\/en\/wp-json\/wp\/v2\/comments?post=1297"}],"wp:featuredmedia":[{"embeddable":true,"href":"https:\/\/edikalaser.ee\/en\/wp-json\/wp\/v2\/media\/1299"}],"wp:attachment":[{"href":"https:\/\/edikalaser.ee\/en\/wp-json\/wp\/v2\/media?parent=1297"}],"wp:term":[{"taxonomy":"product_brand","embeddable":true,"href":"https:\/\/edikalaser.ee\/en\/wp-json\/wp\/v2\/product_brand?post=1297"},{"taxonomy":"product_cat","embeddable":true,"href":"https:\/\/edikalaser.ee\/en\/wp-json\/wp\/v2\/product_cat?post=1297"},{"taxonomy":"product_tag","embeddable":true,"href":"https:\/\/edikalaser.ee\/en\/wp-json\/wp\/v2\/product_tag?post=1297"}],"curies":[{"name":"wp","href":"https:\/\/api.w.org\/{rel}","templated":true}]}}