{"id":1229,"date":"2025-11-21T12:18:58","date_gmt":"2025-11-21T10:18:58","guid":{"rendered":"https:\/\/edikalaser.ee\/?post_type=product&#038;p=1229"},"modified":"2025-11-21T14:00:04","modified_gmt":"2025-11-21T12:00:04","slug":"komplektolehoitud","status":"publish","type":"product","link":"https:\/\/edikalaser.ee\/en\/komplektolehoitud\/","title":{"rendered":"J\u00f5uluehete nimeline komplekt &#8220;ole hoitud&#8221;"},"content":{"rendered":"<p data-start=\"142\" data-end=\"225\">Iga ehe on hoole ja armastusega valmistatud, arvestades sinu personaalseid soove.<\/p>\n<p data-start=\"227\" data-end=\"470\">Personaliseeritud kuuseehe ei ole lihtsalt kingitus \u2013 see on v\u00e4\u00e4rtuslik m\u00e4lestus kogu eluks.<\/p>\n<p data-start=\"472\" data-end=\"658\">NB! Personaalsete j\u00f5uluehete valmistamise aeg on 3-7 t\u00f6\u00f6p\u00e4eva.<\/p>\n<p data-start=\"669\" data-end=\"958\">\n","protected":false},"excerpt":{"rendered":"<p>Meie kaunis personaalne puidust kuuseehete komplekt <strong data-start=\"341\" data-end=\"368\">\u201eOle hoitud\u201d<\/strong> on s\u00fcdamlik ja eriline\u00a0 j\u00f5ulukingitus l\u00e4hedasele inimesele.<\/p>\n<p>&nbsp;<\/p>\n","protected":false},"featured_media":1241,"comment_status":"open","ping_status":"closed","template":"","meta":{"_acf_changed":false},"product_brand":[],"product_cat":[109,21],"product_tag":[],"class_list":{"0":"post-1229","1":"product","2":"type-product","3":"status-publish","4":"has-post-thumbnail","6":"product_cat-joulutooted","7":"product_cat-koik-tooted","9":"first","10":"instock","11":"shipping-taxable","12":"purchasable","13":"product-type-simple"},"acf":[],"_links":{"self":[{"href":"https:\/\/edikalaser.ee\/en\/wp-json\/wp\/v2\/product\/1229","targetHints":{"allow":["GET"]}}],"collection":[{"href":"https:\/\/edikalaser.ee\/en\/wp-json\/wp\/v2\/product"}],"about":[{"href":"https:\/\/edikalaser.ee\/en\/wp-json\/wp\/v2\/types\/product"}],"replies":[{"embeddable":true,"href":"https:\/\/edikalaser.ee\/en\/wp-json\/wp\/v2\/comments?post=1229"}],"wp:featuredmedia":[{"embeddable":true,"href":"https:\/\/edikalaser.ee\/en\/wp-json\/wp\/v2\/media\/1241"}],"wp:attachment":[{"href":"https:\/\/edikalaser.ee\/en\/wp-json\/wp\/v2\/media?parent=1229"}],"wp:term":[{"taxonomy":"product_brand","embeddable":true,"href":"https:\/\/edikalaser.ee\/en\/wp-json\/wp\/v2\/product_brand?post=1229"},{"taxonomy":"product_cat","embeddable":true,"href":"https:\/\/edikalaser.ee\/en\/wp-json\/wp\/v2\/product_cat?post=1229"},{"taxonomy":"product_tag","embeddable":true,"href":"https:\/\/edikalaser.ee\/en\/wp-json\/wp\/v2\/product_tag?post=1229"}],"curies":[{"name":"wp","href":"https:\/\/api.w.org\/{rel}","templated":true}]}}