{"id":1200,"date":"2025-11-07T16:30:00","date_gmt":"2025-11-07T14:30:00","guid":{"rendered":"https:\/\/edikalaser.ee\/?post_type=product&#038;p=1200"},"modified":"2026-04-29T18:42:21","modified_gmt":"2026-04-29T15:42:21","slug":"jouluehe-meie-beebi-esimesed-joulud","status":"publish","type":"product","link":"https:\/\/edikalaser.ee\/en\/jouluehe-meie-beebi-esimesed-joulud\/","title":{"rendered":"J\u00f5uluehe &#8220;Meie beebi esimesed j\u00f5ulud&#8221;"},"content":{"rendered":"<p data-start=\"142\" data-end=\"225\">Iga ehe on hoole ja armastusega valmistatud, arvestades sinu personaalseid soove.<\/p>\n<p data-start=\"227\" data-end=\"470\">Personaliseeritud kuuseehe ei ole lihtsalt kingitus \u2013 see on v\u00e4\u00e4rtuslik m\u00e4lestus, mis ei kustu aja jooksul ning viib sind igal aastal tagasi sinna maagilisse hetke, mil su laps oli alles v\u00e4ike beebi ja te t\u00e4histasite koos tema esimesi j\u00f5ule.<\/p>\n<p data-start=\"472\" data-end=\"658\">S\u00f5numi \u201eMeie beebi\u201c asemel v\u00f5ib graveerida lapse nime \u2014 nii muutub ehe t\u00f5eliselt s\u00fcdamlikuks. Lisa oma soov tellimuse kommentaaridesse ning meie hoolitseme \u00fclej\u00e4\u00e4nu eest.<\/p>\n<p data-start=\"472\" data-end=\"658\">NB! Personaalsete j\u00f5uluehete valmistamise aeg on 3-7 t\u00f6\u00f6p\u00e4eva.<\/p>\n<p data-start=\"669\" data-end=\"958\">\n","protected":false},"excerpt":{"rendered":"<p>Meie kaunis puidust kuuseehe <strong data-start=\"341\" data-end=\"368\">\u201eBeebi esimesed j\u00f5ulud\u201d<\/strong> on s\u00fcdamlik m\u00e4lestus tervele perele kogu eluks. J\u00e4\u00e4dvusta oma beebi esimesed j\u00f5ulud Edika laseri erilise ja personaalse j\u00f5uluehega.<\/p>\n<p>&nbsp;<\/p>\n<p>&nbsp;<\/p>\n","protected":false},"featured_media":1213,"comment_status":"open","ping_status":"closed","template":"","meta":{"_acf_changed":false},"product_brand":[],"product_cat":[109,21],"product_tag":[],"class_list":{"0":"post-1200","1":"product","2":"type-product","3":"status-publish","4":"has-post-thumbnail","6":"product_cat-joulutooted","7":"product_cat-koik-tooted","9":"first","10":"instock","11":"shipping-taxable","12":"purchasable","13":"product-type-variable"},"acf":[],"_links":{"self":[{"href":"https:\/\/edikalaser.ee\/en\/wp-json\/wp\/v2\/product\/1200","targetHints":{"allow":["GET"]}}],"collection":[{"href":"https:\/\/edikalaser.ee\/en\/wp-json\/wp\/v2\/product"}],"about":[{"href":"https:\/\/edikalaser.ee\/en\/wp-json\/wp\/v2\/types\/product"}],"replies":[{"embeddable":true,"href":"https:\/\/edikalaser.ee\/en\/wp-json\/wp\/v2\/comments?post=1200"}],"wp:featuredmedia":[{"embeddable":true,"href":"https:\/\/edikalaser.ee\/en\/wp-json\/wp\/v2\/media\/1213"}],"wp:attachment":[{"href":"https:\/\/edikalaser.ee\/en\/wp-json\/wp\/v2\/media?parent=1200"}],"wp:term":[{"taxonomy":"product_brand","embeddable":true,"href":"https:\/\/edikalaser.ee\/en\/wp-json\/wp\/v2\/product_brand?post=1200"},{"taxonomy":"product_cat","embeddable":true,"href":"https:\/\/edikalaser.ee\/en\/wp-json\/wp\/v2\/product_cat?post=1200"},{"taxonomy":"product_tag","embeddable":true,"href":"https:\/\/edikalaser.ee\/en\/wp-json\/wp\/v2\/product_tag?post=1200"}],"curies":[{"name":"wp","href":"https:\/\/api.w.org\/{rel}","templated":true}]}}