{"id":1077,"date":"2025-09-08T12:39:25","date_gmt":"2025-09-08T09:39:25","guid":{"rendered":"https:\/\/edikalaser.ee\/?post_type=product&#038;p=1077"},"modified":"2025-11-21T11:56:17","modified_gmt":"2025-11-21T09:56:17","slug":"tassialused-vanaemale-ja-vanaisale-%d0%ba%d0%be%d0%bf%d0%b8%d1%80%d0%be%d0%b2%d0%b0%d1%82%d1%8c","status":"publish","type":"product","link":"https:\/\/edikalaser.ee\/en\/tassialused-vanaemale-ja-vanaisale-%d0%ba%d0%be%d0%bf%d0%b8%d1%80%d0%be%d0%b2%d0%b0%d1%82%d1%8c\/","title":{"rendered":"Tassialused vanaemale ja vanaisale"},"content":{"rendered":"<p data-start=\"54\" data-end=\"137\"><strong data-start=\"54\" data-end=\"135\">Puidust tassialused vanavanematele \u2013 s\u00fcdamlik kingitus vanaemale ja vanaisale<\/strong><\/p>\n<p data-start=\"139\" data-end=\"458\">Too r\u00f5\u00f5mu ja soojust oma kallitele vanavanematele praktilise, kuid samas armsa meenega. Need <strong data-start=\"232\" data-end=\"255\">puidust tassialused<\/strong> on loodud selleks, et muuta iga kohvi- v\u00f5i teehetk eriliseks. Sobib ideaalselt kingituseks <strong data-start=\"347\" data-end=\"419\">vanaemale ja vanaisale s\u00fcnnip\u00e4evaks, j\u00f5uludeks, vanavanemate p\u00e4evaks<\/strong> v\u00f5i lihtsalt v\u00e4ikese t\u00e4nuavaldusena.<\/p>\n<p data-start=\"460\" data-end=\"504\">\u2728 <strong data-start=\"462\" data-end=\"502\">Miks valida Edika Laser tassialused?<\/strong><\/p>\n<ul data-start=\"505\" data-end=\"741\">\n<li data-start=\"565\" data-end=\"638\">\n<p data-start=\"567\" data-end=\"638\">T\u00e4hendusrikas ja s\u00fcdamlik disain, mis teeb s\u00fcdame soojaks.<\/p>\n<\/li>\n<li data-start=\"639\" data-end=\"741\">\n<p data-start=\"641\" data-end=\"741\">\u00d5litamata, nii et soovi korral saab ise v\u00e4rvida ja t\u00f6\u00f6delda (n\u00e4iteks linaseemne\u00f5liga).<\/p>\n<\/li>\n<\/ul>\n<p data-start=\"743\" data-end=\"765\">\ud83d\udccf <strong data-start=\"746\" data-end=\"763\">Toote m\u00f5\u00f5dud:<\/strong><\/p>\n<ul data-start=\"766\" data-end=\"802\">\n<li data-start=\"766\" data-end=\"785\">\n<p data-start=\"768\" data-end=\"785\">L\u00e4bim\u00f5\u00f5t: 10 cm<\/p>\n<\/li>\n<li data-start=\"786\" data-end=\"802\">\n<p data-start=\"788\" data-end=\"802\">Paksus: 3 mm<\/p>\n<\/li>\n<\/ul>\n<p data-start=\"804\" data-end=\"894\">Iga tassialus on s\u00fcdamega tehtud metsa pealinnas Elvas \u2013 Edika Laser disain.<\/p>\n<p data-start=\"804\" data-end=\"894\">\n","protected":false},"excerpt":{"rendered":"<p>Eriline kingitus vanaemale ja vanaisale \u2013 puidust tassialused, mis muudavad iga tee- ja kohvihetke eriliseks.<\/p>\n<p>&nbsp;<\/p>\n<p>Made in Estonia.<\/p>\n","protected":false},"featured_media":1063,"comment_status":"open","ping_status":"closed","template":"","meta":{"_acf_changed":false},"product_brand":[],"product_cat":[21,28],"product_tag":[],"class_list":{"0":"post-1077","1":"product","2":"type-product","3":"status-publish","4":"has-post-thumbnail","6":"product_cat-koik-tooted","7":"product_cat-personaalsed-kingitused","9":"first","10":"instock","11":"shipping-taxable","12":"purchasable","13":"product-type-variable"},"acf":[],"_links":{"self":[{"href":"https:\/\/edikalaser.ee\/en\/wp-json\/wp\/v2\/product\/1077","targetHints":{"allow":["GET"]}}],"collection":[{"href":"https:\/\/edikalaser.ee\/en\/wp-json\/wp\/v2\/product"}],"about":[{"href":"https:\/\/edikalaser.ee\/en\/wp-json\/wp\/v2\/types\/product"}],"replies":[{"embeddable":true,"href":"https:\/\/edikalaser.ee\/en\/wp-json\/wp\/v2\/comments?post=1077"}],"wp:featuredmedia":[{"embeddable":true,"href":"https:\/\/edikalaser.ee\/en\/wp-json\/wp\/v2\/media\/1063"}],"wp:attachment":[{"href":"https:\/\/edikalaser.ee\/en\/wp-json\/wp\/v2\/media?parent=1077"}],"wp:term":[{"taxonomy":"product_brand","embeddable":true,"href":"https:\/\/edikalaser.ee\/en\/wp-json\/wp\/v2\/product_brand?post=1077"},{"taxonomy":"product_cat","embeddable":true,"href":"https:\/\/edikalaser.ee\/en\/wp-json\/wp\/v2\/product_cat?post=1077"},{"taxonomy":"product_tag","embeddable":true,"href":"https:\/\/edikalaser.ee\/en\/wp-json\/wp\/v2\/product_tag?post=1077"}],"curies":[{"name":"wp","href":"https:\/\/api.w.org\/{rel}","templated":true}]}}