{"id":1021,"date":"2025-05-31T00:37:48","date_gmt":"2025-05-30T21:37:48","guid":{"rendered":"https:\/\/edikalaser.ee\/?post_type=product&#038;p=1021"},"modified":"2025-11-21T12:00:26","modified_gmt":"2025-11-21T10:00:26","slug":"helkiv-ehe-vaeloom-liblikas","status":"publish","type":"product","link":"https:\/\/edikalaser.ee\/en\/helkiv-ehe-vaeloom-liblikas\/","title":{"rendered":"Helkiv ehe &#8220;V\u00e4eloom Liblikas&#8221;"},"content":{"rendered":"<h3 data-start=\"119\" data-end=\"182\"><strong data-start=\"126\" data-end=\"182\">Liblikas \u2013 muutuse, vabaduse ja vaimse kasvu v\u00e4eloom<\/strong><\/h3>\n<p data-start=\"184\" data-end=\"340\"><span class=\"relative -mx-px my-[-0.2rem] rounded px-px py-[0.2rem] transition-colors duration-100 ease-in-out\">Liblikas s\u00fcmboliseerib s\u00fcgavat isiklikku muutust ja vaimset \u00e4rkamist.<\/span> <span class=\"relative -mx-px my-[-0.2rem] rounded px-px py-[0.2rem] transition-colors duration-100 ease-in-out\">Tema eluetapid \u2013 r\u00f6\u00f6vikust kookonini ja sealt edasi kauniks liblikaks \u2013 peegeldavad inimese sisemist teekonda eneseleidmise ja kasvamise suunas.<\/span> <span class=\"relative -mx-px my-[-0.2rem] rounded px-px py-[0.2rem] transition-colors duration-100 ease-in-out\">See transformatsioon tuletab meelde, et elu on pidevas muutumises ning iga l\u00f5pp on uue algus.<\/span><\/p>\n<p data-start=\"342\" data-end=\"540\"><span class=\"relative -mx-px my-[-0.2rem] rounded px-px py-[0.2rem] transition-colors duration-100 ease-in-out\">Paljudes kultuurides on liblikas seotud hinge ja vaimsusega.<\/span> <span class=\"relative -mx-px my-[-0.2rem] rounded px-px py-[0.2rem] transition-colors duration-100 ease-in-out\">N\u00e4iteks kreeka keeles t\u00e4hendab s\u00f5na &#8220;psyche&#8221; nii hinge kui ka liblikat, r\u00f5hutades nende kahe s\u00fcgavat seost.<\/span> <span class=\"relative -mx-px my-[-0.2rem] rounded px-px py-[0.2rem] transition-colors duration-100 ease-in-out\">Kristlikus s\u00fcmboolikas esindab liblikas \u00fclest\u00f5usmist ja igavest elu, samas kui Jaapani traditsioonides n\u00e4hakse liblikat kui lahkunud hinge kehastust.<\/span><\/p>\n<p data-start=\"427\" data-end=\"594\">Liblikas s\u00fcmboliseerib <strong data-start=\"450\" data-end=\"468\">hinge r\u00e4nnakut<\/strong>, sisemist <strong data-start=\"479\" data-end=\"492\">taass\u00fcndi<\/strong>, <strong data-start=\"494\" data-end=\"505\">kergust<\/strong>, <strong data-start=\"507\" data-end=\"518\">lootust<\/strong> ja <strong data-start=\"522\" data-end=\"534\">vabadust<\/strong>. Ta sosistab, et k\u00f5ik muutub \u2013 ja selles muutuses on ilu.<\/p>\n<p data-start=\"596\" data-end=\"677\">Kui liblikas on sinu v\u00e4eloom, oled sa valmis lendama oma t\u00f5elise olemuse poole.<\/p>\n<h3 data-start=\"547\" data-end=\"583\">\ud83c\udf3f <strong data-start=\"554\" data-end=\"583\">Liblika v\u00e4elooma s\u00f5numid:<\/strong><\/h3>\n<ul data-start=\"585\" data-end=\"860\">\n<li data-start=\"585\" data-end=\"648\">\n<p data-start=\"587\" data-end=\"648\"><strong data-start=\"587\" data-end=\"608\">Transformatsioon:<\/strong> <span class=\"relative -mx-px my-[-0.2rem] rounded px-px py-[0.2rem] transition-colors duration-100 ease-in-out\">Liblikas kutsub sind omaks v\u00f5tma muutusi ja usaldama elu voolu.<\/span><\/p>\n<\/li>\n<li data-start=\"649\" data-end=\"703\">\n<p data-start=\"651\" data-end=\"703\"><strong data-start=\"651\" data-end=\"663\">Vabadus:<\/strong> <span class=\"relative -mx-px my-[-0.2rem] rounded px-px py-[0.2rem] transition-colors duration-100 ease-in-out\">Tema lend tuletab meelde, et t\u00f5eline vabadus tuleb siis, kui laseme lahti vanadest mustritest ja piirangutest.<\/span><\/p>\n<\/li>\n<li data-start=\"704\" data-end=\"762\">\n<p data-start=\"706\" data-end=\"762\"><strong data-start=\"706\" data-end=\"722\">Vaimne kasv:<\/strong> <span class=\"relative -mx-px my-[-0.2rem] rounded px-px py-[0.2rem] transition-colors duration-100 ease-in-out\">Liblikas juhatab sind s\u00fcgavama enesetunnetuse ja vaimse \u00e4rkamise suunas.<\/span><\/p>\n<\/li>\n<li data-start=\"763\" data-end=\"860\">\n<p data-start=\"765\" data-end=\"860\"><strong data-start=\"765\" data-end=\"781\">Ilu ja r\u00f5\u00f5m:<\/strong> <span class=\"relative -mx-px my-[-0.2rem] rounded px-px py-[0.2rem] transition-colors duration-100 ease-in-out\">Tema v\u00e4rvikirevus ja graatsia meenutavad elu ilu ja r\u00f5\u00f5mu, mis peituvad igas hetkes.<\/span><\/p>\n<\/li>\n<\/ul>\n<p>&nbsp;<\/p>\n<p>&nbsp;<\/p>\n<h3><strong>Edika Laseri pimedas helkiv v\u00e4eloom \u2013 valgus, mis juhatab sind looduse poole<\/strong><\/h3>\n<p data-start=\"579\" data-end=\"778\">Meie elu kulgeb linnatulede, ekraanide, betooni ja pideva m\u00fcra keskel. Meil on alati tohutult kiire, k\u00f5ik tundub nii t\u00e4htis&#8230; aga just k\u00f5ige olulisemaks \u2013 ei j\u00e4\u00e4 enam aega.<\/p>\n<p data-start=\"780\" data-end=\"1074\">S\u00fcgaval sisimas igatseme k\u00f5ik vaikust, rahu ja \u00fchendust loodusega. Ma usun, et tuleb vaid peatuda. Peatuda ja kuulata \u2013 kuulata iseennast. Tuletada meelde, et me oleme osa loodusest. Alati olime ning alati j\u00e4\u00e4me.<br data-start=\"977\" data-end=\"980\" \/>See side ei kao kuhugi \u2013 isegi siis, kui meid \u00fcmbritseb linn ning isegi siis, kui oleme selle unustanud.<\/p>\n<p data-start=\"1076\" data-end=\"1369\"><strong data-start=\"1076\" data-end=\"1112\">Edika Laseri v\u00e4elooma helkiv ehe<\/strong> ei ole lihtsalt helkur ega n\u00e4htavust lisav aksessuaar. See on <strong data-start=\"1175\" data-end=\"1185\">s\u00fcmbol<\/strong>, sinu <strong data-start=\"1192\" data-end=\"1205\">hingeloom<\/strong>, sinu <strong data-start=\"1212\" data-end=\"1234\">sisemine juhendaja<\/strong> ja vaikne <strong data-start=\"1245\" data-end=\"1254\">s\u00f5ber<\/strong>, kes tuletab meelde looduse v\u00e4ge. Ta aitab sul leida tasakaalu, sisemist tugevust ja hingerahu \u2013 isegi keset linnamelu.<\/p>\n<p data-start=\"1371\" data-end=\"1496\">See ehe on meeldetuletus, et loodus on alati avatud ning sinu jaoks olemas &#8211; n\u00fc\u00fcd on sinu kord avada ennast!<\/p>\n<h3 data-start=\"1503\" data-end=\"1543\"><strong data-start=\"1507\" data-end=\"1543\">Tugev ja n\u00e4htav<br \/>\n<\/strong><\/h3>\n<p data-start=\"1545\" data-end=\"1734\"><strong data-start=\"1545\" data-end=\"1572\">Edika Laseri helkiv ehe<\/strong> on valmistatud <strong data-start=\"1588\" data-end=\"1620\">vastupidavast pleksiklaasist<\/strong> ja kaetud <strong>ilmastikukindla, EU standarditele vastava helkurmaterjaliga<\/strong>.<br \/>\nKomplektis on:<\/p>\n<ul>\n<li data-start=\"1737\" data-end=\"1747\">kummipael<\/li>\n<li data-start=\"1750\" data-end=\"1767\">kinnituskarabiin<\/li>\n<li data-start=\"1770\" data-end=\"1801\">v\u00e4elooma l\u00fchikirjeldus<\/li>\n<\/ul>\n<p data-start=\"1803\" data-end=\"1883\">V\u00e4elooma kujuline ehe tagab, et oled alati <strong data-start=\"1832\" data-end=\"1852\">n\u00e4htav ja hoitud<\/strong> \u2013 \u00fcksk\u00f5ik, kuhu elutee sind viib.<\/p>\n<p>\ud83c\udf3f <strong data-start=\"1897\" data-end=\"1929\">Leia oma hingeseos loodusega<\/strong> \ud83c\udf3f<\/p>\n<p><em>Edika laser Disain. Made in Estonia.<\/em><\/p>\n<p>&nbsp;<\/p>\n<p>&nbsp;<\/p>\n<p><span class=\"OYPEnA font-feature-liga-off font-feature-clig-off font-feature-calt-off text-decoration-none text-strikethrough-none\">\u00a0<\/span><\/p>\n","protected":false},"excerpt":{"rendered":"<p><span class=\"OYPEnA font-feature-liga-off font-feature-clig-off font-feature-calt-off text-decoration-none text-strikethrough-none\">Pimedas helkiv loom on loodud teie maagiliseks kaaslaseks. <\/span><span class=\"OYPEnA font-feature-liga-off font-feature-clig-off font-feature-calt-off text-decoration-none text-strikethrough-none\">Hingeloom rajab silla loomariiki ning jagab teiega oma v\u00f5imeid. <\/span><span class=\"OYPEnA font-feature-liga-off font-feature-clig-off font-feature-calt-off text-decoration-none text-strikethrough-none\"> Kaitseb ning saadab igap\u00e4evases elus ja on koosk\u00f5las nii teie enda kui ka teie vajadustega.<\/span><\/p>\n<h3 data-start=\"119\" data-end=\"182\"><strong data-start=\"126\" data-end=\"182\">Liblikas on muutuse, vabaduse ja vaimse kasvu v\u00e4eloom.<\/strong><\/h3>\n<p><span class=\"relative -mx-px my-[-0.2rem] rounded px-px py-[0.2rem] transition-colors duration-100 ease-in-out\">Liblikas s\u00fcmboliseerib s\u00fcgavat isiklikku muutust ja vaimset \u00e4rkamist.<\/span> <span class=\"relative -mx-px my-[-0.2rem] rounded px-px py-[0.2rem] transition-colors duration-100 ease-in-out\">Tema eluetapid \u2013 r\u00f6\u00f6vikust kookonini ja sealt edasi kauniks liblikaks \u2013 peegeldavad inimese sisemist teekonda eneseleidmise ja kasvamise suunas.<\/span> <span class=\"relative -mx-px my-[-0.2rem] rounded px-px py-[0.2rem] transition-colors duration-100 ease-in-out\">See transformatsioon tuletab meelde, et elu on pidevas muutumises ning iga l\u00f5pp on uue algus.<\/span><\/p>\n<p>&nbsp;<\/p>\n<p>&nbsp;<\/p>\n","protected":false},"featured_media":938,"comment_status":"open","ping_status":"closed","template":"","meta":{"_acf_changed":false},"product_brand":[],"product_cat":[20,19,21],"product_tag":[22,23,24],"class_list":{"0":"post-1021","1":"product","2":"type-product","3":"status-publish","4":"has-post-thumbnail","6":"product_cat-helkivad-vaeloomad","7":"product_cat-helkurid","8":"product_cat-koik-tooted","9":"product_tag-helkur","10":"product_tag-rebane","11":"product_tag-vaeloomad","13":"first","14":"instock","15":"sale","16":"shipping-taxable","17":"purchasable","18":"product-type-variable"},"acf":[],"_links":{"self":[{"href":"https:\/\/edikalaser.ee\/en\/wp-json\/wp\/v2\/product\/1021","targetHints":{"allow":["GET"]}}],"collection":[{"href":"https:\/\/edikalaser.ee\/en\/wp-json\/wp\/v2\/product"}],"about":[{"href":"https:\/\/edikalaser.ee\/en\/wp-json\/wp\/v2\/types\/product"}],"replies":[{"embeddable":true,"href":"https:\/\/edikalaser.ee\/en\/wp-json\/wp\/v2\/comments?post=1021"}],"wp:featuredmedia":[{"embeddable":true,"href":"https:\/\/edikalaser.ee\/en\/wp-json\/wp\/v2\/media\/938"}],"wp:attachment":[{"href":"https:\/\/edikalaser.ee\/en\/wp-json\/wp\/v2\/media?parent=1021"}],"wp:term":[{"taxonomy":"product_brand","embeddable":true,"href":"https:\/\/edikalaser.ee\/en\/wp-json\/wp\/v2\/product_brand?post=1021"},{"taxonomy":"product_cat","embeddable":true,"href":"https:\/\/edikalaser.ee\/en\/wp-json\/wp\/v2\/product_cat?post=1021"},{"taxonomy":"product_tag","embeddable":true,"href":"https:\/\/edikalaser.ee\/en\/wp-json\/wp\/v2\/product_tag?post=1021"}],"curies":[{"name":"wp","href":"https:\/\/api.w.org\/{rel}","templated":true}]}}